{"id":816,"date":"2019-11-20T14:38:22","date_gmt":"2019-11-20T14:38:22","guid":{"rendered":"https:\/\/banquet.qodeinteractive.com\/?page_id=816"},"modified":"2024-11-17T13:17:53","modified_gmt":"2024-11-17T12:17:53","slug":"blog","status":"publish","type":"page","link":"https:\/\/weselewsopocie.pl\/index.php\/blog\/","title":{"rendered":"Blog"},"content":{"rendered":"<section class=\"wpb-content-wrapper\"><p>[vc_row][vc_column offset=&#8221;vc_col-lg-12 vc_col-md-12&#8243;]<div class=\"qodef-shortcode qodef-m  qodef-blog qodef--list qodef-item-layout--standard qodef-grid qodef-layout--columns  qodef-gutter--normal qodef-col-num--1 qodef-item-layout--standard qodef-pagination--on qodef-pagination-type--standard qodef-responsive--predefined\" data-options=\"{&quot;plugin&quot;:&quot;banquet_core&quot;,&quot;module&quot;:&quot;blog\\\/shortcodes&quot;,&quot;shortcode&quot;:&quot;blog-list&quot;,&quot;post_type&quot;:&quot;post&quot;,&quot;next_page&quot;:&quot;2&quot;,&quot;max_pages_num&quot;:1,&quot;behavior&quot;:&quot;columns&quot;,&quot;images_proportion&quot;:&quot;full&quot;,&quot;columns&quot;:&quot;1&quot;,&quot;space&quot;:&quot;normal&quot;,&quot;columns_responsive&quot;:&quot;predefined&quot;,&quot;columns_1440&quot;:&quot;3&quot;,&quot;columns_1366&quot;:&quot;3&quot;,&quot;columns_1024&quot;:&quot;3&quot;,&quot;columns_768&quot;:&quot;3&quot;,&quot;columns_680&quot;:&quot;3&quot;,&quot;columns_480&quot;:&quot;3&quot;,&quot;posts_per_page&quot;:&quot;9&quot;,&quot;orderby&quot;:&quot;date&quot;,&quot;order&quot;:&quot;DESC&quot;,&quot;additional_params&quot;:&quot;id&quot;,&quot;post_ids&quot;:&quot; 2676, 2267,2029,2113,2204,2207,2212,2217,2229&quot;,&quot;layout&quot;:&quot;standard&quot;,&quot;title_tag&quot;:&quot;h3&quot;,&quot;excerpt_length&quot;:&quot;485&quot;,&quot;pagination_type&quot;:&quot;standard&quot;,&quot;object_class_name&quot;:&quot;BanquetCoreBlogListShortcode&quot;,&quot;taxonomy_filter&quot;:&quot;category&quot;,&quot;additional_query_args&quot;:{&quot;orderby&quot;:&quot;post__in&quot;,&quot;post__in&quot;:[&quot; 2676&quot;,&quot; 2267&quot;,&quot;2029&quot;,&quot;2113&quot;,&quot;2204&quot;,&quot;2207&quot;,&quot;2212&quot;,&quot;2217&quot;,&quot;2229&quot;]},&quot;space_value&quot;:15}\">\n\t\t<div class=\"qodef-grid-inner clear\">\n\t\t<article class=\"qodef-e qodef-grid-item qodef-item--full post-2676 post type-post status-publish format-standard hentry category-bez-kategorii\">\n\t<div class=\"qodef-e-inner\">\n\t\t<div class=\"qodef-e-media\">\n\t<\/div>\t\t<div class=\"qodef-e-content\">\n\t\t\t<div class=\"qodef-e-info qodef-info--top\">\n\t\t\t\t<div itemprop=\"dateCreated\" class=\"qodef-e-info-item qodef-e-info-date entry-date \">\n\t<a itemprop=\"url\" href=\"https:\/\/weselewsopocie.pl\/index.php\/2024\/11\/\" title=\"Jak radzi\u0107 sobie ze stresem \u201eorganizacyjnym\u201d?\">2024-11-17<\/a>\n\t<meta itemprop=\"interactionCount\" content=\"UserComments: 0\"\/>\n<\/div>\t\t\t<\/div>\n\t\t\t<div class=\"qodef-e-text\">\n\t\t\t\t<h3 itemprop=\"name\" class=\"qodef-e-title entry-title\">\n\t\t\t<a itemprop=\"url\" class=\"qodef-e-title-link\" href=\"https:\/\/weselewsopocie.pl\/index.php\/2024\/11\/17\/jak-radzic-sobie-ze-stresem-organizacyjnym\/\" title=\"Jak radzi\u0107 sobie ze stresem \u201eorganizacyjnym\u201d?\">\n\t\t\tJak radzi\u0107 sobie ze stresem \u201eorganizacyjnym\u201d?\t\t\t<\/a>\n\t<\/h3>\t\t<p itemprop=\"description\" class=\"qodef-e-excerpt\">\n\t\t\tCz\u0119sto zdarza si\u0119, \u017ce Parom M\u0142odym towarzyszy spory stres i napi\u0119cie przed tym jednym znajwa\u017cniejszych wydarze\u0144 w ich \u017cyciu. Skupiaj\u0105 si\u0119 wtedy na rzeczach, na kt\u00f3re nie zawsze maj\u0105 wp\u0142yw(np. pogoda). Szukaj\u0105 rozwi\u0105za\u0144, planu B, C \u201ew razie W\u201d, trac\u0105c przy tym przyjemno\u015b\u0107 z organizacjiprzyj\u0119cia i pozytywne nastawienie, kt\u00f3re z psychologicznego punktu widzenia jest przecie\u017c [&hellip;]\t\t<\/p>\n\t\t\t\t<\/div>\n\t\t\t<div class=\"qodef-e-info qodef-info--bottom\">\n\t\t\t\t<div class=\"qodef-e-info-left\">\n\t\t\t\t\t\t<div class=\"qodef-e-read-more\">\n\t\t<a class=\"qodef-shortcode qodef-m  qodef-button qodef-layout--textual  qodef-html--link\" href=\"https:\/\/weselewsopocie.pl\/index.php\/2024\/11\/17\/jak-radzic-sobie-ze-stresem-organizacyjnym\/\" target=\"_self\"  >\t<span class=\"qodef-m-text\">wi\u0119cej<\/span><\/a>\t<\/div>\n\t\t\t\t<\/div>\n\t\t\t<\/div>\n\t\t<\/div>\n\t<\/div>\n<\/article><article class=\"qodef-e qodef-grid-item qodef-item--full post-2267 post type-post status-publish format-standard hentry category-bez-kategorii\">\n\t<div class=\"qodef-e-inner\">\n\t\t<div class=\"qodef-e-media\">\n\t<\/div>\t\t<div class=\"qodef-e-content\">\n\t\t\t<div class=\"qodef-e-info qodef-info--top\">\n\t\t\t\t<div itemprop=\"dateCreated\" class=\"qodef-e-info-item qodef-e-info-date entry-date \">\n\t<a itemprop=\"url\" href=\"https:\/\/weselewsopocie.pl\/index.php\/2024\/04\/\" title=\"Kilka porad dla par \u015blubnych od fotografa\">2024-04-25<\/a>\n\t<meta itemprop=\"interactionCount\" content=\"UserComments: 0\"\/>\n<\/div>\t\t\t<\/div>\n\t\t\t<div class=\"qodef-e-text\">\n\t\t\t\t<h3 itemprop=\"name\" class=\"qodef-e-title entry-title\">\n\t\t\t<a itemprop=\"url\" class=\"qodef-e-title-link\" href=\"https:\/\/weselewsopocie.pl\/index.php\/2024\/04\/25\/kilka-porad-dla-par-slubnych-od-fotografa\/\" title=\"Kilka porad dla par \u015blubnych od fotografa\">\n\t\t\tKilka porad dla par \u015blubnych od fotografa\t\t\t<\/a>\n\t<\/h3>\t\t<p itemprop=\"description\" class=\"qodef-e-excerpt\">\n\t\t\tPami\u0119tajcie, \u017ce dzie\u0144 \u015blubu to czas, kt\u00f3ry warto prze\u017cywa\u0107 w pe\u0142ni, dlatego zaufajcie swoim specjalistom, by\u015bcie mogli cieszy\u0107 si\u0119 ka\u017cd\u0105 chwil\u0105 razem.\t\t<\/p>\n\t\t\t\t<\/div>\n\t\t\t<div class=\"qodef-e-info qodef-info--bottom\">\n\t\t\t\t<div class=\"qodef-e-info-left\">\n\t\t\t\t\t\t<div class=\"qodef-e-read-more\">\n\t\t<a class=\"qodef-shortcode qodef-m  qodef-button qodef-layout--textual  qodef-html--link\" href=\"https:\/\/weselewsopocie.pl\/index.php\/2024\/04\/25\/kilka-porad-dla-par-slubnych-od-fotografa\/\" target=\"_self\"  >\t<span class=\"qodef-m-text\">wi\u0119cej<\/span><\/a>\t<\/div>\n\t\t\t\t<\/div>\n\t\t\t<\/div>\n\t\t<\/div>\n\t<\/div>\n<\/article><article class=\"qodef-e qodef-grid-item qodef-item--full post-2029 post type-post status-publish format-standard has-post-thumbnail hentry category-bez-kategorii\">\n\t<div class=\"qodef-e-inner\">\n\t\t<div class=\"qodef-e-media\">\n\t\t<div class=\"qodef-e-media-image\">\n\t\t\t\t\t<a itemprop=\"url\" href=\"https:\/\/weselewsopocie.pl\/index.php\/2020\/04\/07\/obiady-weselne-alternatywa-dla-tradycyjnych-wesel\/\" title=\"Obiady weselne \u2013 alternatywa dla tradycyjnych wesel\">\n\t\t\t\t\t<img loading=\"lazy\" decoding=\"async\" width=\"1920\" height=\"1280\" src=\"https:\/\/weselewsopocie.pl\/wp-content\/uploads\/2024\/04\/r1920_10a.jpg\" class=\"attachment-full size-full wp-post-image\" alt=\"\" srcset=\"https:\/\/weselewsopocie.pl\/wp-content\/uploads\/2024\/04\/r1920_10a.jpg 1920w, https:\/\/weselewsopocie.pl\/wp-content\/uploads\/2024\/04\/r1920_10a-300x200.jpg 300w, https:\/\/weselewsopocie.pl\/wp-content\/uploads\/2024\/04\/r1920_10a-1024x683.jpg 1024w, https:\/\/weselewsopocie.pl\/wp-content\/uploads\/2024\/04\/r1920_10a-768x512.jpg 768w, https:\/\/weselewsopocie.pl\/wp-content\/uploads\/2024\/04\/r1920_10a-1536x1024.jpg 1536w\" sizes=\"(max-width: 1920px) 100vw, 1920px\" \/>\t\t\t\t\t<\/a>\n\t\t\t<\/div>\n<\/div>\t\t<div class=\"qodef-e-content\">\n\t\t\t<div class=\"qodef-e-info qodef-info--top\">\n\t\t\t\t<div itemprop=\"dateCreated\" class=\"qodef-e-info-item qodef-e-info-date entry-date \">\n\t<a itemprop=\"url\" href=\"https:\/\/weselewsopocie.pl\/index.php\/2020\/04\/\" title=\"Obiady weselne \u2013 alternatywa dla tradycyjnych wesel\">2020-04-07<\/a>\n\t<meta itemprop=\"interactionCount\" content=\"UserComments: 0\"\/>\n<\/div>\t\t\t<\/div>\n\t\t\t<div class=\"qodef-e-text\">\n\t\t\t\t<h3 itemprop=\"name\" class=\"qodef-e-title entry-title\">\n\t\t\t<a itemprop=\"url\" class=\"qodef-e-title-link\" href=\"https:\/\/weselewsopocie.pl\/index.php\/2020\/04\/07\/obiady-weselne-alternatywa-dla-tradycyjnych-wesel\/\" title=\"Obiady weselne \u2013 alternatywa dla tradycyjnych wesel\">\n\t\t\tObiady weselne \u2013 alternatywa dla tradycyjnych wesel\t\t\t<\/a>\n\t<\/h3>\t\t<p itemprop=\"description\" class=\"qodef-e-excerpt\">\n\t\t\tJedno kr\u00f3tkie pytanie, kt\u00f3re wzbudza wiele w\u0105tpliwo\u015bci w\u015br\u00f3d Par planuj\u0105cych zawarcie zwi\u0105zku ma\u0142\u017ce\u0144skiego. W dzisiejszym artykule postaram si\u0119 wyja\u015bni\u0107, dlaczego skromniejsza uroczysto\u015b\u0107 mo\u017ce okaza\u0107 si\u0119 ca\u0142kiem dobrym rozwi\u0105zaniem dla os\u00f3b szukaj\u0105cych rozwi\u0105za\u0144 nieco innych, ni\u017c organizacja hucznego wesela ze wszystkimi staropolskimi tradycjami. Wesela na 100-200 os\u00f3b powoli zaczynaj\u0105 ust\u0119powa\u0107 miejsca kameralnym obiadom weselnym. Dzieje si\u0119 [&helli\t\t<\/p>\n\t\t\t\t<\/div>\n\t\t\t<div class=\"qodef-e-info qodef-info--bottom\">\n\t\t\t\t<div class=\"qodef-e-info-left\">\n\t\t\t\t\t\t<div class=\"qodef-e-read-more\">\n\t\t<a class=\"qodef-shortcode qodef-m  qodef-button qodef-layout--textual  qodef-html--link\" href=\"https:\/\/weselewsopocie.pl\/index.php\/2020\/04\/07\/obiady-weselne-alternatywa-dla-tradycyjnych-wesel\/\" target=\"_self\"  >\t<span class=\"qodef-m-text\">wi\u0119cej<\/span><\/a>\t<\/div>\n\t\t\t\t<\/div>\n\t\t\t<\/div>\n\t\t<\/div>\n\t<\/div>\n<\/article><article class=\"qodef-e qodef-grid-item qodef-item--full post-2113 post type-post status-publish format-standard hentry category-bez-kategorii\">\n\t<div class=\"qodef-e-inner\">\n\t\t<div class=\"qodef-e-media\">\n\t<\/div>\t\t<div class=\"qodef-e-content\">\n\t\t\t<div class=\"qodef-e-info qodef-info--top\">\n\t\t\t\t<div itemprop=\"dateCreated\" class=\"qodef-e-info-item qodef-e-info-date entry-date \">\n\t<a itemprop=\"url\" href=\"https:\/\/weselewsopocie.pl\/index.php\/2019\/02\/\" title=\"Bud\u017cet weselny \u2013 czyli jak zorganizowa\u0107 idealne wesele i nie zwariowa\u0107\">2019-02-11<\/a>\n\t<meta itemprop=\"interactionCount\" content=\"UserComments: 0\"\/>\n<\/div>\t\t\t<\/div>\n\t\t\t<div class=\"qodef-e-text\">\n\t\t\t\t<h3 itemprop=\"name\" class=\"qodef-e-title entry-title\">\n\t\t\t<a itemprop=\"url\" class=\"qodef-e-title-link\" href=\"https:\/\/weselewsopocie.pl\/index.php\/2019\/02\/11\/budzet-weselny-czyli-jak-zorganizowac-idealne-wesele-i-nie-zwariowac\/\" title=\"Bud\u017cet weselny \u2013 czyli jak zorganizowa\u0107 idealne wesele i nie zwariowa\u0107\">\n\t\t\tBud\u017cet weselny \u2013 czyli jak zorganizowa\u0107 idealne wesele i nie zwariowa\u0107\t\t\t<\/a>\n\t<\/h3>\t\t<p itemprop=\"description\" class=\"qodef-e-excerpt\">\n\t\t\tJaki\u015b czas temu, w artykule pt.&nbsp;\u201eNie daj si\u0119 skusi\u0107 pierwszemu wra\u017ceniu\u201d, w kilku zdaniach wspomina\u0142am o bud\u017cecie weselnym. Dzisiaj postanowi\u0142am nieco bardziej pochyli\u0107 si\u0119 nad tym bardzo wa\u017cnym, jak nie najwa\u017cniejszym zagadnieniem. Wesele to nieustannie wyd\u0142u\u017caj\u0105ca si\u0119 lista wydatk\u00f3w. W tym szczeg\u00f3lnym dniu wszystko musi by\u0107 niemal\u017ce perfekcyjne, bez miejsca na kompromisy. Dodatkowo, w dzisiejszych [&hellip;]\t\t<\/p>\n\t\t\t\t<\/div>\n\t\t\t<div class=\"qodef-e-info qodef-info--bottom\">\n\t\t\t\t<div class=\"qodef-e-info-left\">\n\t\t\t\t\t\t<div class=\"qodef-e-read-more\">\n\t\t<a class=\"qodef-shortcode qodef-m  qodef-button qodef-layout--textual  qodef-html--link\" href=\"https:\/\/weselewsopocie.pl\/index.php\/2019\/02\/11\/budzet-weselny-czyli-jak-zorganizowac-idealne-wesele-i-nie-zwariowac\/\" target=\"_self\"  >\t<span class=\"qodef-m-text\">wi\u0119cej<\/span><\/a>\t<\/div>\n\t\t\t\t<\/div>\n\t\t\t<\/div>\n\t\t<\/div>\n\t<\/div>\n<\/article><article class=\"qodef-e qodef-grid-item qodef-item--full post-2204 post type-post status-publish format-standard hentry category-bez-kategorii\">\n\t<div class=\"qodef-e-inner\">\n\t\t<div class=\"qodef-e-media\">\n\t<\/div>\t\t<div class=\"qodef-e-content\">\n\t\t\t<div class=\"qodef-e-info qodef-info--top\">\n\t\t\t\t<div itemprop=\"dateCreated\" class=\"qodef-e-info-item qodef-e-info-date entry-date \">\n\t<a itemprop=\"url\" href=\"https:\/\/weselewsopocie.pl\/index.php\/2018\/01\/\" title=\"Nie daj si\u0119 skusi\u0107 pierwszemu wra\u017ceniu\">2018-01-16<\/a>\n\t<meta itemprop=\"interactionCount\" content=\"UserComments: 0\"\/>\n<\/div>\t\t\t<\/div>\n\t\t\t<div class=\"qodef-e-text\">\n\t\t\t\t<h3 itemprop=\"name\" class=\"qodef-e-title entry-title\">\n\t\t\t<a itemprop=\"url\" class=\"qodef-e-title-link\" href=\"https:\/\/weselewsopocie.pl\/index.php\/2018\/01\/16\/nie-daj-sie-skusic-pierwszemu-wrazeniu\/\" title=\"Nie daj si\u0119 skusi\u0107 pierwszemu wra\u017ceniu\">\n\t\t\tNie daj si\u0119 skusi\u0107 pierwszemu wra\u017ceniu\t\t\t<\/a>\n\t<\/h3>\t\t<p itemprop=\"description\" class=\"qodef-e-excerpt\">\n\t\t\tWyb\u00f3r sali najcz\u0119\u015bciej stanowi jeden z pierwszych element\u00f3w planowania wesela. Przed podj\u0119ciem odpowiedniej decyzji warto zwr\u00f3ci\u0107 uwag\u0119 na kilka wa\u017cnych szczeg\u00f3\u0142\u00f3w, kt\u00f3re na poz\u00f3r nie s\u0105 a\u017c tak oczywiste, ale w du\u017cym stopniu wp\u0142ywaj\u0105 na ko\u0144cowy efekt. Z ka\u017cdym dniem na rynku pojawia si\u0119 coraz wi\u0119cej hoteli, restauracji oraz sal weselnych. Tak szeroka dost\u0119pno\u015b\u0107 miejsc, [&hellip;]\t\t<\/p>\n\t\t\t\t<\/div>\n\t\t\t<div class=\"qodef-e-info qodef-info--bottom\">\n\t\t\t\t<div class=\"qodef-e-info-left\">\n\t\t\t\t\t\t<div class=\"qodef-e-read-more\">\n\t\t<a class=\"qodef-shortcode qodef-m  qodef-button qodef-layout--textual  qodef-html--link\" href=\"https:\/\/weselewsopocie.pl\/index.php\/2018\/01\/16\/nie-daj-sie-skusic-pierwszemu-wrazeniu\/\" target=\"_self\"  >\t<span class=\"qodef-m-text\">wi\u0119cej<\/span><\/a>\t<\/div>\n\t\t\t\t<\/div>\n\t\t\t<\/div>\n\t\t<\/div>\n\t<\/div>\n<\/article><article class=\"qodef-e qodef-grid-item qodef-item--full post-2207 post type-post status-publish format-standard hentry category-bez-kategorii\">\n\t<div class=\"qodef-e-inner\">\n\t\t<div class=\"qodef-e-media\">\n\t<\/div>\t\t<div class=\"qodef-e-content\">\n\t\t\t<div class=\"qodef-e-info qodef-info--top\">\n\t\t\t\t<div itemprop=\"dateCreated\" class=\"qodef-e-info-item qodef-e-info-date entry-date \">\n\t<a itemprop=\"url\" href=\"https:\/\/weselewsopocie.pl\/index.php\/2017\/08\/\" title=\"Wesele zim\u0105? Warto!\">2017-08-20<\/a>\n\t<meta itemprop=\"interactionCount\" content=\"UserComments: 0\"\/>\n<\/div>\t\t\t<\/div>\n\t\t\t<div class=\"qodef-e-text\">\n\t\t\t\t<h3 itemprop=\"name\" class=\"qodef-e-title entry-title\">\n\t\t\t<a itemprop=\"url\" class=\"qodef-e-title-link\" href=\"https:\/\/weselewsopocie.pl\/index.php\/2017\/08\/20\/wesele-zima-warto\/\" title=\"Wesele zim\u0105? Warto!\">\n\t\t\tWesele zim\u0105? Warto!\t\t\t<\/a>\n\t<\/h3>\t\t<p itemprop=\"description\" class=\"qodef-e-excerpt\">\n\t\t\tSzczyt sezonu \u015blubnego zaczyna si\u0119 w maju i ko\u0144czy w pa\u017adzierniku. Zdecydowanie mniej Par M\u0142odych decyduje si\u0119 na organizacj\u0119 \u015blubu zim\u0105, ze wzgl\u0119du na ni\u017csze temperatury i brak gwarancji s\u0142oneczej pogody. Warto jest jednak rozwa\u017cy\u0107, jakie korzy\u015bci niesie ze sob\u0105 decyzja dotycz\u0105ca zimowego wesela, mo\u017ce bowiem okaza\u0107 si\u0119, \u017ce zalet mo\u017ce by\u0107 wi\u0119cej ni\u017c wad. [&hellip;]\t\t<\/p>\n\t\t\t\t<\/div>\n\t\t\t<div class=\"qodef-e-info qodef-info--bottom\">\n\t\t\t\t<div class=\"qodef-e-info-left\">\n\t\t\t\t\t\t<div class=\"qodef-e-read-more\">\n\t\t<a class=\"qodef-shortcode qodef-m  qodef-button qodef-layout--textual  qodef-html--link\" href=\"https:\/\/weselewsopocie.pl\/index.php\/2017\/08\/20\/wesele-zima-warto\/\" target=\"_self\"  >\t<span class=\"qodef-m-text\">wi\u0119cej<\/span><\/a>\t<\/div>\n\t\t\t\t<\/div>\n\t\t\t<\/div>\n\t\t<\/div>\n\t<\/div>\n<\/article><article class=\"qodef-e qodef-grid-item qodef-item--full post-2212 post type-post status-publish format-standard hentry category-bez-kategorii\">\n\t<div class=\"qodef-e-inner\">\n\t\t<div class=\"qodef-e-media\">\n\t<\/div>\t\t<div class=\"qodef-e-content\">\n\t\t\t<div class=\"qodef-e-info qodef-info--top\">\n\t\t\t\t<div itemprop=\"dateCreated\" class=\"qodef-e-info-item qodef-e-info-date entry-date \">\n\t<a itemprop=\"url\" href=\"https:\/\/weselewsopocie.pl\/index.php\/2017\/06\/\" title=\"\u015aluby mi\u0119dzynarodowe\">2017-06-26<\/a>\n\t<meta itemprop=\"interactionCount\" content=\"UserComments: 0\"\/>\n<\/div>\t\t\t<\/div>\n\t\t\t<div class=\"qodef-e-text\">\n\t\t\t\t<h3 itemprop=\"name\" class=\"qodef-e-title entry-title\">\n\t\t\t<a itemprop=\"url\" class=\"qodef-e-title-link\" href=\"https:\/\/weselewsopocie.pl\/index.php\/2017\/06\/26\/sluby-miedzynarodowe\/\" title=\"\u015aluby mi\u0119dzynarodowe\">\n\t\t\t\u015aluby mi\u0119dzynarodowe\t\t\t<\/a>\n\t<\/h3>\t\t<p itemprop=\"description\" class=\"qodef-e-excerpt\">\n\t\t\t\u201eMi\u0142o\u015b\u0107 nie zna granic&#8230;\u201d \u2013 o tym jak wiele prawdy nios\u0105 w sobie te s\u0142owa, na pewno przekona\u0142a si\u0119 niejedna para, w kt\u00f3rej narzeczeni pochodz\u0105 z r\u00f3znych krajow\u2026 Jako konsultantka \u015blubna otrzymuj\u0119 coraz wi\u0119cej zapyta\u0144 dotycz\u0105cych organizacji wesel mi\u0119dzynarodowych. Dzi\u0119ki naszemu wieloletniemu do\u015bwiadczeniu, doskonale zdaj\u0119 sobie spraw\u0119 z tego, jak wiele dodatkowych szczeg\u00f3\u0142\u00f3w nale\u017cy wzi\u0105\u0107 [&hellip;]\t\t<\/p>\n\t\t\t\t<\/div>\n\t\t\t<div class=\"qodef-e-info qodef-info--bottom\">\n\t\t\t\t<div class=\"qodef-e-info-left\">\n\t\t\t\t\t\t<div class=\"qodef-e-read-more\">\n\t\t<a class=\"qodef-shortcode qodef-m  qodef-button qodef-layout--textual  qodef-html--link\" href=\"https:\/\/weselewsopocie.pl\/index.php\/2017\/06\/26\/sluby-miedzynarodowe\/\" target=\"_self\"  >\t<span class=\"qodef-m-text\">wi\u0119cej<\/span><\/a>\t<\/div>\n\t\t\t\t<\/div>\n\t\t\t<\/div>\n\t\t<\/div>\n\t<\/div>\n<\/article><article class=\"qodef-e qodef-grid-item qodef-item--full post-2217 post type-post status-publish format-standard has-post-thumbnail hentry category-bez-kategorii\">\n\t<div class=\"qodef-e-inner\">\n\t\t<div class=\"qodef-e-media\">\n\t\t<div class=\"qodef-e-media-image\">\n\t\t\t\t\t<a itemprop=\"url\" href=\"https:\/\/weselewsopocie.pl\/index.php\/2017\/06\/02\/planujac-wesele-nie-zapomnij-o-podziekowaniach\/\" title=\"Planuj\u0105c wesele nie zapomnij o podzi\u0119kowaniach\">\n\t\t\t\t\t<img loading=\"lazy\" decoding=\"async\" width=\"970\" height=\"680\" src=\"https:\/\/weselewsopocie.pl\/wp-content\/uploads\/2024\/04\/planujac-wesele-nie-zapomnij-o_1.jpg\" class=\"attachment-full size-full wp-post-image\" alt=\"\" srcset=\"https:\/\/weselewsopocie.pl\/wp-content\/uploads\/2024\/04\/planujac-wesele-nie-zapomnij-o_1.jpg 970w, https:\/\/weselewsopocie.pl\/wp-content\/uploads\/2024\/04\/planujac-wesele-nie-zapomnij-o_1-300x210.jpg 300w, https:\/\/weselewsopocie.pl\/wp-content\/uploads\/2024\/04\/planujac-wesele-nie-zapomnij-o_1-768x538.jpg 768w\" sizes=\"(max-width: 970px) 100vw, 970px\" \/>\t\t\t\t\t<\/a>\n\t\t\t<\/div>\n<\/div>\t\t<div class=\"qodef-e-content\">\n\t\t\t<div class=\"qodef-e-info qodef-info--top\">\n\t\t\t\t<div itemprop=\"dateCreated\" class=\"qodef-e-info-item qodef-e-info-date entry-date \">\n\t<a itemprop=\"url\" href=\"https:\/\/weselewsopocie.pl\/index.php\/2017\/06\/\" title=\"Planuj\u0105c wesele nie zapomnij o podzi\u0119kowaniach\">2017-06-02<\/a>\n\t<meta itemprop=\"interactionCount\" content=\"UserComments: 0\"\/>\n<\/div>\t\t\t<\/div>\n\t\t\t<div class=\"qodef-e-text\">\n\t\t\t\t<h3 itemprop=\"name\" class=\"qodef-e-title entry-title\">\n\t\t\t<a itemprop=\"url\" class=\"qodef-e-title-link\" href=\"https:\/\/weselewsopocie.pl\/index.php\/2017\/06\/02\/planujac-wesele-nie-zapomnij-o-podziekowaniach\/\" title=\"Planuj\u0105c wesele nie zapomnij o podzi\u0119kowaniach\">\n\t\t\tPlanuj\u0105c wesele nie zapomnij o podzi\u0119kowaniach\t\t\t<\/a>\n\t<\/h3>\t\t<p itemprop=\"description\" class=\"qodef-e-excerpt\">\n\t\t\tPodzi\u0119kowania dla rodzic\u00f3w Jednym z wa\u017cniejszych punkt\u00f3w przyj\u0119cia weselnego s\u0105 podzi\u0119kowania dla rodzic\u00f3w. Para M\u0142oda zawsze bardzo du\u017co energii po\u015bwi\u0119ca na wyb\u00f3r odpowiedniego prezentu, doboru s\u0142\u00f3w, a nawet podk\u0142adu muzycznego. Ka\u017cdy z tych element\u00f3w sk\u0142ada si\u0119 na wyj\u0105tkowo wzruszaj\u0105c\u0105 chwil\u0119, kiedy to ca\u0142a uwaga go\u015bci skupia si\u0119 na rodzicach Pary M\u0142odej. Warto o tym pami\u0119ta\u0107, [&hellip;]\t\t<\/p>\n\t\t\t\t<\/div>\n\t\t\t<div class=\"qodef-e-info qodef-info--bottom\">\n\t\t\t\t<div class=\"qodef-e-info-left\">\n\t\t\t\t\t\t<div class=\"qodef-e-read-more\">\n\t\t<a class=\"qodef-shortcode qodef-m  qodef-button qodef-layout--textual  qodef-html--link\" href=\"https:\/\/weselewsopocie.pl\/index.php\/2017\/06\/02\/planujac-wesele-nie-zapomnij-o-podziekowaniach\/\" target=\"_self\"  >\t<span class=\"qodef-m-text\">wi\u0119cej<\/span><\/a>\t<\/div>\n\t\t\t\t<\/div>\n\t\t\t<\/div>\n\t\t<\/div>\n\t<\/div>\n<\/article><article class=\"qodef-e qodef-grid-item qodef-item--full post-2229 post type-post status-publish format-standard hentry category-bez-kategorii\">\n\t<div class=\"qodef-e-inner\">\n\t\t<div class=\"qodef-e-media\">\n\t<\/div>\t\t<div class=\"qodef-e-content\">\n\t\t\t<div class=\"qodef-e-info qodef-info--top\">\n\t\t\t\t<div itemprop=\"dateCreated\" class=\"qodef-e-info-item qodef-e-info-date entry-date \">\n\t<a itemprop=\"url\" href=\"https:\/\/weselewsopocie.pl\/index.php\/2017\/06\/\" title=\"Atrakcje na przyj\u0119ciu\">2017-06-01<\/a>\n\t<meta itemprop=\"interactionCount\" content=\"UserComments: 0\"\/>\n<\/div>\t\t\t<\/div>\n\t\t\t<div class=\"qodef-e-text\">\n\t\t\t\t<h3 itemprop=\"name\" class=\"qodef-e-title entry-title\">\n\t\t\t<a itemprop=\"url\" class=\"qodef-e-title-link\" href=\"https:\/\/weselewsopocie.pl\/index.php\/2017\/06\/01\/atrakcje-na-przyjeciu\/\" title=\"Atrakcje na przyj\u0119ciu\">\n\t\t\tAtrakcje na przyj\u0119ciu\t\t\t<\/a>\n\t<\/h3>\t\t<p itemprop=\"description\" class=\"qodef-e-excerpt\">\n\t\t\tOrganizuj\u0105c przyj\u0119cie weselne chcemy, by nasi go\u015bcie dobrze si\u0119 bawili, byli najedzeni, zadowoleni i u\u015bmiechni\u0119ci. Temu ostatniemu pomaga zorganizowanie dodatkowych atrakcji. Ci\u0119\u017cko zdecydowa\u0107 si\u0119 na co\u015b konkretnego W dzisiejszych czasach, kiedy na rynku pojawia si\u0119 coraz wi\u0119cej firm proponuj\u0105cych imponuj\u0105cy wachlarz atrakcji na przyj\u0119cia, imprezy i uroczysto\u015bci rodzinne, naprawd\u0119 ci\u0119\u017cko zdecydowa\u0107 si\u0119 na co\u015b konkretnego. [&hellip;]\t\t<\/p>\n\t\t\t\t<\/div>\n\t\t\t<div class=\"qodef-e-info qodef-info--bottom\">\n\t\t\t\t<div class=\"qodef-e-info-left\">\n\t\t\t\t\t\t<div class=\"qodef-e-read-more\">\n\t\t<a class=\"qodef-shortcode qodef-m  qodef-button qodef-layout--textual  qodef-html--link\" href=\"https:\/\/weselewsopocie.pl\/index.php\/2017\/06\/01\/atrakcje-na-przyjeciu\/\" target=\"_self\"  >\t<span class=\"qodef-m-text\">wi\u0119cej<\/span><\/a>\t<\/div>\n\t\t\t\t<\/div>\n\t\t\t<\/div>\n\t\t<\/div>\n\t<\/div>\n<\/article>\t<\/div>\n\t<\/div>[\/vc_column][\/vc_row]<\/p>\n<\/section>","protected":false},"excerpt":{"rendered":"<p>[vc_row][vc_column offset=&#8221;vc_col-lg-12 vc_col-md-12&#8243;][\/vc_column][\/vc_row]<\/p>\n","protected":false},"author":1,"featured_media":0,"parent":0,"menu_order":0,"comment_status":"closed","ping_status":"closed","template":"","meta":{"footnotes":""},"class_list":["post-816","page","type-page","status-publish","hentry"],"_links":{"self":[{"href":"https:\/\/weselewsopocie.pl\/index.php\/wp-json\/wp\/v2\/pages\/816"}],"collection":[{"href":"https:\/\/weselewsopocie.pl\/index.php\/wp-json\/wp\/v2\/pages"}],"about":[{"href":"https:\/\/weselewsopocie.pl\/index.php\/wp-json\/wp\/v2\/types\/page"}],"author":[{"embeddable":true,"href":"https:\/\/weselewsopocie.pl\/index.php\/wp-json\/wp\/v2\/users\/1"}],"replies":[{"embeddable":true,"href":"https:\/\/weselewsopocie.pl\/index.php\/wp-json\/wp\/v2\/comments?post=816"}],"version-history":[{"count":12,"href":"https:\/\/weselewsopocie.pl\/index.php\/wp-json\/wp\/v2\/pages\/816\/revisions"}],"predecessor-version":[{"id":2691,"href":"https:\/\/weselewsopocie.pl\/index.php\/wp-json\/wp\/v2\/pages\/816\/revisions\/2691"}],"wp:attachment":[{"href":"https:\/\/weselewsopocie.pl\/index.php\/wp-json\/wp\/v2\/media?parent=816"}],"curies":[{"name":"wp","href":"https:\/\/api.w.org\/{rel}","templated":true}]}}