{"id":569,"date":"2019-11-18T11:38:53","date_gmt":"2019-11-18T11:38:53","guid":{"rendered":"https:\/\/banquet.qodeinteractive.com\/?page_id=569"},"modified":"2024-09-24T21:12:44","modified_gmt":"2024-09-24T19:12:44","slug":"press-awards","status":"publish","type":"page","link":"https:\/\/weselewsopocie.pl\/index.php\/press-awards\/","title":{"rendered":"zzz_arch_ Press &#038; Awards"},"content":{"rendered":"<section class=\"wpb-content-wrapper\"><p>[vc_row content_placement=&#8221;middle&#8221; row_content_width=&#8221;grid&#8221; content_text_alignment=&#8221;center&#8221; css=&#8221;.vc_custom_1574077132074{background-image: url(https:\/\/banquet.qodeinteractive.com\/wp-content\/uploads\/2019\/11\/p5-img-1.jpg?id=572) !important;}&#8221;][vc_column css=&#8221;.vc_custom_1575458062512{padding-top: 159px !important;padding-bottom: 186px !important;}&#8221; column_responsive_padding_1024=&#8221;113px 15px 133px&#8221; column_responsive_padding_768=&#8221;114px 15px 134px&#8221; column_responsive_padding_680=&#8221;72px 15px 87px&#8221; column_responsive_padding_1440=&#8221;129px 15px 156px&#8221; column_responsive_padding_1280=&#8221;99px 15px 128px&#8221;]<h1 class=\"qodef-shortcode qodef-m  qodef-custom-font qodef-custom-font-2120 qodef-layout--simple\" style=\"color: #ffffff;font-size: 110px;line-height: 120px\">Press &amp; Awards<\/h1>[\/vc_column][\/vc_row][vc_row row_content_width=&#8221;grid&#8221; css=&#8221;.vc_custom_1576764381145{padding-top: 23px !important;padding-bottom: 141px !important;}&#8221;][vc_column]<div class=\"qodef-shortcode qodef-m  qodef-testimonials-list  qodef-grid qodef-swiper-container  qodef-gutter--normal qodef-col-num--1 qodef-item-layout--info-below qodef-responsive--predefined\" data-options=\"{&quot;slidesPerView&quot;:&quot;1&quot;,&quot;spaceBetween&quot;:15,&quot;loop&quot;:true,&quot;autoplay&quot;:true,&quot;speed&quot;:&quot;&quot;,&quot;speedAnimation&quot;:&quot;&quot;,&quot;outsideNavigation&quot;:&quot;yes&quot;,&quot;unique&quot;:4502}\">\n\t<div class=\"swiper-wrapper\">\n\t\t<div class=\"qodef-e swiper-slide\">\n\t<div class=\"qodef-e-inner\">\n\t\t\t\t<div class=\"qodef-e-content\">\n\t\t\t\t\t\t\t<p class=\"qodef-e-author-name\">\n\t\tELIZA I DAREK\t<\/p>\n\t\t\t\t<h3 itemprop=\"description\" class=\"qodef-e-text\">\n\t\tJeste\u015bmy zadowoleni z profesjonalnej obs\u0142ugi, eleganckiej dekoracji sto\u0142u. Du\u017ce podzi\u0119kowania dla Szefa kuchni!\t<\/h3>\n\t\t\t\t<p class=\"qodef-e-author-job\">\n\t\tTripadvisor\t<\/p>\n\t\t<\/div>\n\t<\/div>\n<\/div><div class=\"qodef-e swiper-slide\">\n\t<div class=\"qodef-e-inner\">\n\t\t\t\t<div class=\"qodef-e-content\">\n\t\t\t\t\t\t\t<p class=\"qodef-e-author-name\">\n\t\tJULIA\t<\/p>\n\t\t\t\t<h3 itemprop=\"description\" class=\"qodef-e-text\">\n\t\tOrganizowali\u015bmy wesele w Hotelu rezydent. Serdecznie polecamy! \t<\/h3>\n\t\t\t\t<p class=\"qodef-e-author-job\">\n\t\tTripadvisor\t<\/p>\n\t\t<\/div>\n\t<\/div>\n<\/div><div class=\"qodef-e swiper-slide\">\n\t<div class=\"qodef-e-inner\">\n\t\t\t\t<div class=\"qodef-e-content\">\n\t\t\t\t\t\t\t<p class=\"qodef-e-author-name\">\n\t\tINNA BAGI\u0143SKA\t<\/p>\n\t\t\t\t<h3 itemprop=\"description\" class=\"qodef-e-text\">\n\t\tRestauracja w dobrym stylu i w dogodnej lokalizacji\t<\/h3>\n\t\t\t\t<p class=\"qodef-e-author-job\">\n\t\ttrojmiasto.pl\t<\/p>\n\t\t<\/div>\n\t<\/div>\n<\/div>\t<\/div>\n\t\t\t<div class=\"swiper-pagination\"><\/div>\n\t<\/div>\n[\/vc_column][\/vc_row][vc_row row_content_width=&#8221;grid&#8221; css=&#8221;.vc_custom_1576675773170{padding-bottom: 66px !important;}&#8221;][vc_column]<div class=\"qodef-shortcode qodef-m  qodef-image-gallery qodef-magnific-popup qodef-popup-gallery qodef-grid qodef-layout--columns  qodef-gutter--normal qodef-col-num--4  qodef-responsive--predefined\">\n    <div class=\"qodef-grid-inner clear\">\n\t\t<div class=\"qodef-e qodef-image-wrapper qodef-grid-item\">\n\t\t\t<a class=\"qodef-popup-item\" itemprop=\"image\" href=\"https:\/\/weselewsopocie.pl\/wp-content\/uploads\/2019\/11\/p5-img-2.jpg\" data-type=\"image\" title=\"d\">\n\t\t\t<img loading=\"lazy\" decoding=\"async\" width=\"1000\" height=\"1322\" src=\"https:\/\/weselewsopocie.pl\/wp-content\/uploads\/2019\/11\/p5-img-2.jpg\" class=\"attachment-full size-full\" alt=\"d\" srcset=\"https:\/\/weselewsopocie.pl\/wp-content\/uploads\/2019\/11\/p5-img-2.jpg 1000w, https:\/\/weselewsopocie.pl\/wp-content\/uploads\/2019\/11\/p5-img-2-227x300.jpg 227w, https:\/\/weselewsopocie.pl\/wp-content\/uploads\/2019\/11\/p5-img-2-775x1024.jpg 775w, https:\/\/weselewsopocie.pl\/wp-content\/uploads\/2019\/11\/p5-img-2-768x1015.jpg 768w\" sizes=\"(max-width: 1000px) 100vw, 1000px\" \/>\t\t\t<\/a>\n\t<\/div><div class=\"qodef-e qodef-image-wrapper qodef-grid-item\">\n\t\t\t<a class=\"qodef-popup-item\" itemprop=\"image\" href=\"https:\/\/weselewsopocie.pl\/wp-content\/uploads\/2019\/11\/p5-img-3.jpg\" data-type=\"image\" title=\"v\">\n\t\t\t<img loading=\"lazy\" decoding=\"async\" width=\"1000\" height=\"1322\" src=\"https:\/\/weselewsopocie.pl\/wp-content\/uploads\/2019\/11\/p5-img-3.jpg\" class=\"attachment-full size-full\" alt=\"v\" srcset=\"https:\/\/weselewsopocie.pl\/wp-content\/uploads\/2019\/11\/p5-img-3.jpg 1000w, https:\/\/weselewsopocie.pl\/wp-content\/uploads\/2019\/11\/p5-img-3-227x300.jpg 227w, https:\/\/weselewsopocie.pl\/wp-content\/uploads\/2019\/11\/p5-img-3-775x1024.jpg 775w, https:\/\/weselewsopocie.pl\/wp-content\/uploads\/2019\/11\/p5-img-3-768x1015.jpg 768w\" sizes=\"(max-width: 1000px) 100vw, 1000px\" \/>\t\t\t<\/a>\n\t<\/div><div class=\"qodef-e qodef-image-wrapper qodef-grid-item\">\n\t\t\t<a class=\"qodef-popup-item\" itemprop=\"image\" href=\"https:\/\/weselewsopocie.pl\/wp-content\/uploads\/2019\/11\/p5-img-4.jpg\" data-type=\"image\" title=\"b\">\n\t\t\t<img loading=\"lazy\" decoding=\"async\" width=\"1000\" height=\"1322\" src=\"https:\/\/weselewsopocie.pl\/wp-content\/uploads\/2019\/11\/p5-img-4.jpg\" class=\"attachment-full size-full\" alt=\"b\" srcset=\"https:\/\/weselewsopocie.pl\/wp-content\/uploads\/2019\/11\/p5-img-4.jpg 1000w, https:\/\/weselewsopocie.pl\/wp-content\/uploads\/2019\/11\/p5-img-4-227x300.jpg 227w, https:\/\/weselewsopocie.pl\/wp-content\/uploads\/2019\/11\/p5-img-4-775x1024.jpg 775w, https:\/\/weselewsopocie.pl\/wp-content\/uploads\/2019\/11\/p5-img-4-768x1015.jpg 768w\" sizes=\"(max-width: 1000px) 100vw, 1000px\" \/>\t\t\t<\/a>\n\t<\/div><div class=\"qodef-e qodef-image-wrapper qodef-grid-item\">\n\t\t\t<a class=\"qodef-popup-item\" itemprop=\"image\" href=\"https:\/\/weselewsopocie.pl\/wp-content\/uploads\/2019\/11\/p5-img-5.jpg\" data-type=\"image\" title=\"j\">\n\t\t\t<img loading=\"lazy\" decoding=\"async\" width=\"1000\" height=\"1322\" src=\"https:\/\/weselewsopocie.pl\/wp-content\/uploads\/2019\/11\/p5-img-5.jpg\" class=\"attachment-full size-full\" alt=\"j\" srcset=\"https:\/\/weselewsopocie.pl\/wp-content\/uploads\/2019\/11\/p5-img-5.jpg 1000w, https:\/\/weselewsopocie.pl\/wp-content\/uploads\/2019\/11\/p5-img-5-227x300.jpg 227w, https:\/\/weselewsopocie.pl\/wp-content\/uploads\/2019\/11\/p5-img-5-775x1024.jpg 775w, https:\/\/weselewsopocie.pl\/wp-content\/uploads\/2019\/11\/p5-img-5-768x1015.jpg 768w\" sizes=\"(max-width: 1000px) 100vw, 1000px\" \/>\t\t\t<\/a>\n\t<\/div>    <\/div>\n<\/div>[\/vc_column][\/vc_row][vc_row row_content_width=&#8221;grid&#8221; css=&#8221;.vc_custom_1576671953615{padding-bottom: 74px !important;}&#8221;][vc_column css=&#8221;.vc_custom_1576841865739{padding-top: 23px !important;}&#8221; offset=&#8221;vc_col-lg-5 vc_col-md-12&#8243; column_responsive_padding_1366=&#8221;54px 15px 0px&#8221; column_responsive_padding_1440=&#8221;53px 15px 0px&#8221;]<div class=\"qodef-shortcode qodef-m  qodef-stacked-images qodef-layout--default qodef-stack--bottom\">\n\t<div class=\"qodef-m-images\">\n\t\t<div class=\"qodef-e-main-image-holder\">\n\t\t\t<div class=\"qodef-e-main-image-zoom-holder\">\n\t\t\t\t\t\t\t<img loading=\"lazy\" decoding=\"async\" width=\"1000\" height=\"1243\" src=\"https:\/\/weselewsopocie.pl\/wp-content\/uploads\/2019\/11\/p5-img-6.jpg\" class=\"qodef-e-main-image\" alt=\"p\" srcset=\"https:\/\/weselewsopocie.pl\/wp-content\/uploads\/2019\/11\/p5-img-6.jpg 1000w, https:\/\/weselewsopocie.pl\/wp-content\/uploads\/2019\/11\/p5-img-6-241x300.jpg 241w, https:\/\/weselewsopocie.pl\/wp-content\/uploads\/2019\/11\/p5-img-6-824x1024.jpg 824w, https:\/\/weselewsopocie.pl\/wp-content\/uploads\/2019\/11\/p5-img-6-768x955.jpg 768w\" sizes=\"(max-width: 1000px) 100vw, 1000px\" \/>\t\t\t\t\t\t<\/div>\n\t\t<\/div>\n\t\t\t\n\t<\/div>\n<\/div>[\/vc_column][vc_column width=&#8221;1\/12&#8243; css=&#8221;.vc_custom_1575386055545{padding-right: 5px !important;padding-left: 0px !important;}&#8221; offset=&#8221;vc_col-lg-2 vc_col-md-1 vc_col-xs-2&#8243;][vc_row_inner][vc_column_inner css=&#8221;.vc_custom_1574081633470{padding-top: 34px !important;}&#8221;][vc_column_text]<\/p>\n<p style=\"text-align: right;\">2019<\/p>\n<p>[\/vc_column_text][\/vc_column_inner][\/vc_row_inner][vc_row_inner][vc_column_inner css=&#8221;.vc_custom_1576850130084{padding-top: 84px !important;}&#8221; column_responsive_padding_1366=&#8221;114px 15px 0px&#8221; column_responsive_padding_1440=&#8221;113px 15px 0px&#8221; column_responsive_padding_1024=&#8221;83px 15px 0px&#8221; column_responsive_padding_680=&#8221;124px 15px 0px&#8221;][vc_column_text]<\/p>\n<p style=\"text-align: right;\">2019<\/p>\n<p>[\/vc_column_text][\/vc_column_inner][\/vc_row_inner][vc_row_inner][vc_column_inner css=&#8221;.vc_custom_1576852254283{padding-top: 84px !important;}&#8221; column_responsive_padding_1366=&#8221;111px 15px 0px&#8221; column_responsive_padding_1440=&#8221;114px 15px 0px&#8221; column_responsive_padding_1024=&#8221;85px 15px 0px&#8221; column_responsive_padding_680=&#8221;127px 15px 0px&#8221;][vc_column_text]<\/p>\n<p style=\"text-align: right;\">2019<\/p>\n<p>[\/vc_column_text][\/vc_column_inner][\/vc_row_inner][vc_row_inner][vc_column_inner css=&#8221;.vc_custom_1576852346107{padding-top: 83px !important;}&#8221; column_responsive_padding_1366=&#8221;114px 15px 0px&#8221; column_responsive_padding_1440=&#8221;111px 15px 0px&#8221; column_responsive_padding_1024=&#8221;84px 15px 0px&#8221; column_responsive_padding_680=&#8221;135px 15px 0px&#8221;][vc_column_text]<\/p>\n<p style=\"text-align: right;\">2019<\/p>\n<p>[\/vc_column_text][\/vc_column_inner][\/vc_row_inner][\/vc_column][vc_column width=&#8221;5\/6&#8243; css=&#8221;.vc_custom_1576672167183{padding-top: 17px !important;padding-right: 35px !important;}&#8221; offset=&#8221;vc_col-lg-5 vc_col-md-10 vc_col-xs-10&#8243; column_responsive_padding_768=&#8221;17px 15px 50px&#8221; column_responsive_padding_1024=&#8221;17px 15px 50px&#8221;][vc_column_text]<\/p>\n<h3>Catering award<\/h3>\n<p style=\"margin: -15px 0px 0px 0px;\">Autem dicant cum ex, ei vis nibh solum simul, veritus fierent fastidii quo ne, at nec sint movet delectus. Sit mazim dictas liber.<\/p>\n<p>[\/vc_column_text][vc_column_text]<\/p>\n<h3>Mixology award<\/h3>\n<p style=\"margin: -15px 0px 0px 0px;\">Autem dicant cum ex, ei vis nibh solum simul, veritus fierent fastidii quo ne, at nec sint movet delectus. Sit mazim dictas liber.<\/p>\n<p>[\/vc_column_text][vc_column_text]<\/p>\n<h3>Event brilliance<\/h3>\n<p style=\"margin: -15px 0px 0px 0px;\">Autem dicant cum ex, ei vis nibh solum simul, veritus fierent fastidii quo ne, at nec sint movet delectus. Sit mazim dictas liber.<\/p>\n<p>[\/vc_column_text][vc_column_text]<\/p>\n<h3>Honorable award<\/h3>\n<p style=\"margin: -15px 0px 0px 0px;\">Autem dicant cum ex, ei vis nibh solum simul, veritus fierent fastidii quo ne, at nec sint movet delectus. Sit mazim dictas liber.<\/p>\n<p>[\/vc_column_text][\/vc_column][\/vc_row]<\/p>\n<\/section>","protected":false},"excerpt":{"rendered":"<p>[vc_row content_placement=&#8221;middle&#8221; row_content_width=&#8221;grid&#8221; content_text_alignment=&#8221;center&#8221; css=&#8221;.vc_custom_1574077132074{background-image: url(https:\/\/banquet.qodeinteractive.com\/wp-content\/uploads\/2019\/11\/p5-img-1.jpg?id=572) !important;}&#8221;][vc_column css=&#8221;.vc_custom_1575458062512{padding-top: 159px !important;padding-bottom: 186px !important;}&#8221; column_responsive_padding_1024=&#8221;113px 15px 133px&#8221; column_responsive_padding_768=&#8221;114px 15px 134px&#8221; column_responsive_padding_680=&#8221;72px 15px 87px&#8221; column_responsive_padding_1440=&#8221;129px 15px 156px&#8221; column_responsive_padding_1280=&#8221;99px 15px 128px&#8221;][\/vc_column][\/vc_row][vc_row row_content_width=&#8221;grid&#8221; css=&#8221;.vc_custom_1576764381145{padding-top: 23px !important;padding-bottom: 141px !important;}&#8221;][vc_column][\/vc_column][\/vc_row][vc_row row_content_width=&#8221;grid&#8221; css=&#8221;.vc_custom_1576675773170{padding-bottom: 66px !important;}&#8221;][vc_column][\/vc_column][\/vc_row][vc_row row_content_width=&#8221;grid&#8221; css=&#8221;.vc_custom_1576671953615{padding-bottom: 74px !important;}&#8221;][vc_column css=&#8221;.vc_custom_1576841865739{padding-top: 23px !important;}&#8221; offset=&#8221;vc_col-lg-5 vc_col-md-12&#8243; column_responsive_padding_1366=&#8221;54px 15px 0px&#8221; column_responsive_padding_1440=&#8221;53px 15px 0px&#8221;][\/vc_column][vc_column width=&#8221;1\/12&#8243; css=&#8221;.vc_custom_1575386055545{padding-right: 5px [&hellip;]<\/p>\n","protected":false},"author":1,"featured_media":0,"parent":0,"menu_order":0,"comment_status":"closed","ping_status":"closed","template":"page-full-width.php","meta":{"footnotes":""},"class_list":["post-569","page","type-page","status-publish","hentry"],"_links":{"self":[{"href":"https:\/\/weselewsopocie.pl\/index.php\/wp-json\/wp\/v2\/pages\/569"}],"collection":[{"href":"https:\/\/weselewsopocie.pl\/index.php\/wp-json\/wp\/v2\/pages"}],"about":[{"href":"https:\/\/weselewsopocie.pl\/index.php\/wp-json\/wp\/v2\/types\/page"}],"author":[{"embeddable":true,"href":"https:\/\/weselewsopocie.pl\/index.php\/wp-json\/wp\/v2\/users\/1"}],"replies":[{"embeddable":true,"href":"https:\/\/weselewsopocie.pl\/index.php\/wp-json\/wp\/v2\/comments?post=569"}],"version-history":[{"count":3,"href":"https:\/\/weselewsopocie.pl\/index.php\/wp-json\/wp\/v2\/pages\/569\/revisions"}],"predecessor-version":[{"id":2488,"href":"https:\/\/weselewsopocie.pl\/index.php\/wp-json\/wp\/v2\/pages\/569\/revisions\/2488"}],"wp:attachment":[{"href":"https:\/\/weselewsopocie.pl\/index.php\/wp-json\/wp\/v2\/media?parent=569"}],"curies":[{"name":"wp","href":"https:\/\/api.w.org\/{rel}","templated":true}]}}