{"id":2559,"date":"2024-09-27T20:50:16","date_gmt":"2024-09-27T18:50:16","guid":{"rendered":"https:\/\/weselewsopocie.pl\/?page_id=2559"},"modified":"2024-10-26T17:31:02","modified_gmt":"2024-10-26T15:31:02","slug":"en-blog","status":"publish","type":"page","link":"https:\/\/weselewsopocie.pl\/index.php\/en\/en-blog\/","title":{"rendered":"Blog"},"content":{"rendered":"<section class=\"wpb-content-wrapper\"><p>[vc_row][vc_column offset=&#8221;vc_col-lg-12 vc_col-md-12&#8243;]<div class=\"qodef-shortcode qodef-m  qodef-blog qodef--list qodef-item-layout--standard qodef-grid qodef-layout--columns  qodef-gutter--normal qodef-col-num--1 qodef-item-layout--standard qodef-pagination--on qodef-pagination-type--standard qodef-responsive--predefined\" data-options=\"{&quot;plugin&quot;:&quot;banquet_core&quot;,&quot;module&quot;:&quot;blog\\\/shortcodes&quot;,&quot;shortcode&quot;:&quot;blog-list&quot;,&quot;post_type&quot;:&quot;post&quot;,&quot;next_page&quot;:&quot;2&quot;,&quot;max_pages_num&quot;:1,&quot;behavior&quot;:&quot;columns&quot;,&quot;images_proportion&quot;:&quot;full&quot;,&quot;columns&quot;:&quot;1&quot;,&quot;space&quot;:&quot;normal&quot;,&quot;columns_responsive&quot;:&quot;predefined&quot;,&quot;columns_1440&quot;:&quot;3&quot;,&quot;columns_1366&quot;:&quot;3&quot;,&quot;columns_1024&quot;:&quot;3&quot;,&quot;columns_768&quot;:&quot;3&quot;,&quot;columns_680&quot;:&quot;3&quot;,&quot;columns_480&quot;:&quot;3&quot;,&quot;posts_per_page&quot;:&quot;8&quot;,&quot;orderby&quot;:&quot;date&quot;,&quot;order&quot;:&quot;DESC&quot;,&quot;additional_params&quot;:&quot;id&quot;,&quot;post_ids&quot;:&quot;2550,2652,2654,2656,2658,2660,2662,2664&quot;,&quot;layout&quot;:&quot;standard&quot;,&quot;title_tag&quot;:&quot;h3&quot;,&quot;excerpt_length&quot;:&quot;485&quot;,&quot;pagination_type&quot;:&quot;standard&quot;,&quot;object_class_name&quot;:&quot;BanquetCoreBlogListShortcode&quot;,&quot;taxonomy_filter&quot;:&quot;category&quot;,&quot;additional_query_args&quot;:{&quot;orderby&quot;:&quot;post__in&quot;,&quot;post__in&quot;:[&quot;2550&quot;,&quot;2652&quot;,&quot;2654&quot;,&quot;2656&quot;,&quot;2658&quot;,&quot;2660&quot;,&quot;2662&quot;,&quot;2664&quot;]},&quot;space_value&quot;:15}\">\n\t\t<div class=\"qodef-grid-inner clear\">\n\t\t<article class=\"qodef-e qodef-grid-item qodef-item--full post-2550 post type-post status-publish format-standard hentry category-bez-kategorii-en\">\n\t<div class=\"qodef-e-inner\">\n\t\t<div class=\"qodef-e-media\">\n\t<\/div>\t\t<div class=\"qodef-e-content\">\n\t\t\t<div class=\"qodef-e-info qodef-info--top\">\n\t\t\t\t<div itemprop=\"dateCreated\" class=\"qodef-e-info-item qodef-e-info-date entry-date \">\n\t<a itemprop=\"url\" href=\"https:\/\/weselewsopocie.pl\/index.php\/2024\/04\/\" title=\"Photographer&#8217;s advice for couples\">2024-04-27<\/a>\n\t<meta itemprop=\"interactionCount\" content=\"UserComments: 0\"\/>\n<\/div>\t\t\t<\/div>\n\t\t\t<div class=\"qodef-e-text\">\n\t\t\t\t<h3 itemprop=\"name\" class=\"qodef-e-title entry-title\">\n\t\t\t<a itemprop=\"url\" class=\"qodef-e-title-link\" href=\"https:\/\/weselewsopocie.pl\/index.php\/en\/2024\/04\/27\/some-advice-for-wedding-couples-from-a-photographer\/\" title=\"Photographer&#8217;s advice for couples\">\n\t\t\tPhotographer&#8217;s advice for couples\t\t\t<\/a>\n\t<\/h3>\t\t<p itemprop=\"description\" class=\"qodef-e-excerpt\">\n\t\t\tRemember to get the most out of your wedding day. Celebrate it! Trust your specialists and enjoy every moment together.\t\t<\/p>\n\t\t\t\t<\/div>\n\t\t\t<div class=\"qodef-e-info qodef-info--bottom\">\n\t\t\t\t<div class=\"qodef-e-info-left\">\n\t\t\t\t\t\t<div class=\"qodef-e-read-more\">\n\t\t<a class=\"qodef-shortcode qodef-m  qodef-button qodef-layout--textual  qodef-html--link\" href=\"https:\/\/weselewsopocie.pl\/index.php\/en\/2024\/04\/27\/some-advice-for-wedding-couples-from-a-photographer\/\" target=\"_self\"  >\t<span class=\"qodef-m-text\">wi\u0119cej<\/span><\/a>\t<\/div>\n\t\t\t\t<\/div>\n\t\t\t<\/div>\n\t\t<\/div>\n\t<\/div>\n<\/article><article class=\"qodef-e qodef-grid-item qodef-item--full post-2652 post type-post status-publish format-standard has-post-thumbnail hentry category-bez-kategorii-en\">\n\t<div class=\"qodef-e-inner\">\n\t\t<div class=\"qodef-e-media\">\n\t\t<div class=\"qodef-e-media-image\">\n\t\t\t\t\t<a itemprop=\"url\" href=\"https:\/\/weselewsopocie.pl\/index.php\/en\/2020\/04\/24\/wedding-receptions-an-alternative-for-traditional-parties\/\" title=\"Wedding receptions &#8211; an alternative for traditional parties\">\n\t\t\t\t\t<img loading=\"lazy\" decoding=\"async\" width=\"1920\" height=\"1280\" src=\"https:\/\/weselewsopocie.pl\/wp-content\/uploads\/2024\/04\/r1920_10a.jpg\" class=\"attachment-full size-full wp-post-image\" alt=\"\" srcset=\"https:\/\/weselewsopocie.pl\/wp-content\/uploads\/2024\/04\/r1920_10a.jpg 1920w, https:\/\/weselewsopocie.pl\/wp-content\/uploads\/2024\/04\/r1920_10a-300x200.jpg 300w, https:\/\/weselewsopocie.pl\/wp-content\/uploads\/2024\/04\/r1920_10a-1024x683.jpg 1024w, https:\/\/weselewsopocie.pl\/wp-content\/uploads\/2024\/04\/r1920_10a-768x512.jpg 768w, https:\/\/weselewsopocie.pl\/wp-content\/uploads\/2024\/04\/r1920_10a-1536x1024.jpg 1536w\" sizes=\"(max-width: 1920px) 100vw, 1920px\" \/>\t\t\t\t\t<\/a>\n\t\t\t<\/div>\n<\/div>\t\t<div class=\"qodef-e-content\">\n\t\t\t<div class=\"qodef-e-info qodef-info--top\">\n\t\t\t\t<div itemprop=\"dateCreated\" class=\"qodef-e-info-item qodef-e-info-date entry-date \">\n\t<a itemprop=\"url\" href=\"https:\/\/weselewsopocie.pl\/index.php\/2020\/04\/\" title=\"Wedding receptions &#8211; an alternative for traditional parties\">2020-04-24<\/a>\n\t<meta itemprop=\"interactionCount\" content=\"UserComments: 0\"\/>\n<\/div>\t\t\t<\/div>\n\t\t\t<div class=\"qodef-e-text\">\n\t\t\t\t<h3 itemprop=\"name\" class=\"qodef-e-title entry-title\">\n\t\t\t<a itemprop=\"url\" class=\"qodef-e-title-link\" href=\"https:\/\/weselewsopocie.pl\/index.php\/en\/2020\/04\/24\/wedding-receptions-an-alternative-for-traditional-parties\/\" title=\"Wedding receptions &#8211; an alternative for traditional parties\">\n\t\t\tWedding receptions &#8211; an alternative for traditional parties\t\t\t<\/a>\n\t<\/h3>\t\t<p itemprop=\"description\" class=\"qodef-e-excerpt\">\n\t\t\tOne short question that raises many doubts among couples planning to get married. In today&#8217;s article, I will try to explain why a more modest celebration may turn out to be quite a good solution for people looking for something slightly different than a festive traditional Polish wedding. Weddings for 100-200 people are slowly starting [&hellip;]\t\t<\/p>\n\t\t\t\t<\/div>\n\t\t\t<div class=\"qodef-e-info qodef-info--bottom\">\n\t\t\t\t<div class=\"qodef-e-info-left\">\n\t\t\t\t\t\t<div class=\"qodef-e-read-more\">\n\t\t<a class=\"qodef-shortcode qodef-m  qodef-button qodef-layout--textual  qodef-html--link\" href=\"https:\/\/weselewsopocie.pl\/index.php\/en\/2020\/04\/24\/wedding-receptions-an-alternative-for-traditional-parties\/\" target=\"_self\"  >\t<span class=\"qodef-m-text\">wi\u0119cej<\/span><\/a>\t<\/div>\n\t\t\t\t<\/div>\n\t\t\t<\/div>\n\t\t<\/div>\n\t<\/div>\n<\/article><article class=\"qodef-e qodef-grid-item qodef-item--full post-2654 post type-post status-publish format-standard hentry category-bez-kategorii-en\">\n\t<div class=\"qodef-e-inner\">\n\t\t<div class=\"qodef-e-media\">\n\t<\/div>\t\t<div class=\"qodef-e-content\">\n\t\t\t<div class=\"qodef-e-info qodef-info--top\">\n\t\t\t\t<div itemprop=\"dateCreated\" class=\"qodef-e-info-item qodef-e-info-date entry-date \">\n\t<a itemprop=\"url\" href=\"https:\/\/weselewsopocie.pl\/index.php\/2019\/02\/\" title=\"Wedding budget &#8211; how to plan a perfect wedding and stay calm\">2019-02-24<\/a>\n\t<meta itemprop=\"interactionCount\" content=\"UserComments: 0\"\/>\n<\/div>\t\t\t<\/div>\n\t\t\t<div class=\"qodef-e-text\">\n\t\t\t\t<h3 itemprop=\"name\" class=\"qodef-e-title entry-title\">\n\t\t\t<a itemprop=\"url\" class=\"qodef-e-title-link\" href=\"https:\/\/weselewsopocie.pl\/index.php\/en\/2019\/02\/24\/wedding-budget-how-to-plan-a-perfect-wedding-and-stay-calm\/\" title=\"Wedding budget &#8211; how to plan a perfect wedding and stay calm\">\n\t\t\tWedding budget &#8211; how to plan a perfect wedding and stay calm\t\t\t<\/a>\n\t<\/h3>\t\t<p itemprop=\"description\" class=\"qodef-e-excerpt\">\n\t\t\tSome time ago, in an article entitled \u201cDon&#8217;t give in the first impression,\u201d I mentioned the wedding budget in a few sentences. Today I decided to focus a little more on this very important, if not the most important, issue. A wedding is a constantly growing list of expenses. On this special day, everything must [&hellip;]\t\t<\/p>\n\t\t\t\t<\/div>\n\t\t\t<div class=\"qodef-e-info qodef-info--bottom\">\n\t\t\t\t<div class=\"qodef-e-info-left\">\n\t\t\t\t\t\t<div class=\"qodef-e-read-more\">\n\t\t<a class=\"qodef-shortcode qodef-m  qodef-button qodef-layout--textual  qodef-html--link\" href=\"https:\/\/weselewsopocie.pl\/index.php\/en\/2019\/02\/24\/wedding-budget-how-to-plan-a-perfect-wedding-and-stay-calm\/\" target=\"_self\"  >\t<span class=\"qodef-m-text\">wi\u0119cej<\/span><\/a>\t<\/div>\n\t\t\t\t<\/div>\n\t\t\t<\/div>\n\t\t<\/div>\n\t<\/div>\n<\/article><article class=\"qodef-e qodef-grid-item qodef-item--full post-2656 post type-post status-publish format-standard hentry category-bez-kategorii-en\">\n\t<div class=\"qodef-e-inner\">\n\t\t<div class=\"qodef-e-media\">\n\t<\/div>\t\t<div class=\"qodef-e-content\">\n\t\t\t<div class=\"qodef-e-info qodef-info--top\">\n\t\t\t\t<div itemprop=\"dateCreated\" class=\"qodef-e-info-item qodef-e-info-date entry-date \">\n\t<a itemprop=\"url\" href=\"https:\/\/weselewsopocie.pl\/index.php\/2018\/01\/\" title=\"Don&#8217;t give in the first impression\">2018-01-24<\/a>\n\t<meta itemprop=\"interactionCount\" content=\"UserComments: 0\"\/>\n<\/div>\t\t\t<\/div>\n\t\t\t<div class=\"qodef-e-text\">\n\t\t\t\t<h3 itemprop=\"name\" class=\"qodef-e-title entry-title\">\n\t\t\t<a itemprop=\"url\" class=\"qodef-e-title-link\" href=\"https:\/\/weselewsopocie.pl\/index.php\/en\/2018\/01\/24\/dont-give-in-the-first-impression\/\" title=\"Don&#8217;t give in the first impression\">\n\t\t\tDon&#8217;t give in the first impression\t\t\t<\/a>\n\t<\/h3>\t\t<p itemprop=\"description\" class=\"qodef-e-excerpt\">\n\t\t\tChoosing a venue is usually one of the first elements of wedding organization. Before making the right decision, it is worth paying attention to few important details that are not so obvious at first glance, but have a significant impact on the final effect. Every day, more and more hotels, restaurants and wedding halls advertise [&hellip;]\t\t<\/p>\n\t\t\t\t<\/div>\n\t\t\t<div class=\"qodef-e-info qodef-info--bottom\">\n\t\t\t\t<div class=\"qodef-e-info-left\">\n\t\t\t\t\t\t<div class=\"qodef-e-read-more\">\n\t\t<a class=\"qodef-shortcode qodef-m  qodef-button qodef-layout--textual  qodef-html--link\" href=\"https:\/\/weselewsopocie.pl\/index.php\/en\/2018\/01\/24\/dont-give-in-the-first-impression\/\" target=\"_self\"  >\t<span class=\"qodef-m-text\">wi\u0119cej<\/span><\/a>\t<\/div>\n\t\t\t\t<\/div>\n\t\t\t<\/div>\n\t\t<\/div>\n\t<\/div>\n<\/article><article class=\"qodef-e qodef-grid-item qodef-item--full post-2658 post type-post status-publish format-standard hentry category-bez-kategorii-en\">\n\t<div class=\"qodef-e-inner\">\n\t\t<div class=\"qodef-e-media\">\n\t<\/div>\t\t<div class=\"qodef-e-content\">\n\t\t\t<div class=\"qodef-e-info qodef-info--top\">\n\t\t\t\t<div itemprop=\"dateCreated\" class=\"qodef-e-info-item qodef-e-info-date entry-date \">\n\t<a itemprop=\"url\" href=\"https:\/\/weselewsopocie.pl\/index.php\/2017\/08\/\" title=\"Wedding in winter? Great idea\">2017-08-26<\/a>\n\t<meta itemprop=\"interactionCount\" content=\"UserComments: 0\"\/>\n<\/div>\t\t\t<\/div>\n\t\t\t<div class=\"qodef-e-text\">\n\t\t\t\t<h3 itemprop=\"name\" class=\"qodef-e-title entry-title\">\n\t\t\t<a itemprop=\"url\" class=\"qodef-e-title-link\" href=\"https:\/\/weselewsopocie.pl\/index.php\/en\/2017\/08\/26\/wedding-in-winter-great-idea\/\" title=\"Wedding in winter? Great idea\">\n\t\t\tWedding in winter? Great idea\t\t\t<\/a>\n\t<\/h3>\t\t<p itemprop=\"description\" class=\"qodef-e-excerpt\">\n\t\t\tMost of wedding parties are organized from May to October. Much less couples decide to organize a wedding in winter due to lower temperatures and no guarantee of sunny weather. However, it is worth looking into the benefits of the winter wedding, as it may turn out that there might be more beneifts than drawbacks. [&hellip;]\t\t<\/p>\n\t\t\t\t<\/div>\n\t\t\t<div class=\"qodef-e-info qodef-info--bottom\">\n\t\t\t\t<div class=\"qodef-e-info-left\">\n\t\t\t\t\t\t<div class=\"qodef-e-read-more\">\n\t\t<a class=\"qodef-shortcode qodef-m  qodef-button qodef-layout--textual  qodef-html--link\" href=\"https:\/\/weselewsopocie.pl\/index.php\/en\/2017\/08\/26\/wedding-in-winter-great-idea\/\" target=\"_self\"  >\t<span class=\"qodef-m-text\">wi\u0119cej<\/span><\/a>\t<\/div>\n\t\t\t\t<\/div>\n\t\t\t<\/div>\n\t\t<\/div>\n\t<\/div>\n<\/article><article class=\"qodef-e qodef-grid-item qodef-item--full post-2660 post type-post status-publish format-standard hentry category-bez-kategorii-en\">\n\t<div class=\"qodef-e-inner\">\n\t\t<div class=\"qodef-e-media\">\n\t<\/div>\t\t<div class=\"qodef-e-content\">\n\t\t\t<div class=\"qodef-e-info qodef-info--top\">\n\t\t\t\t<div itemprop=\"dateCreated\" class=\"qodef-e-info-item qodef-e-info-date entry-date \">\n\t<a itemprop=\"url\" href=\"https:\/\/weselewsopocie.pl\/index.php\/2017\/06\/\" title=\"International weddings\">2017-06-26<\/a>\n\t<meta itemprop=\"interactionCount\" content=\"UserComments: 0\"\/>\n<\/div>\t\t\t<\/div>\n\t\t\t<div class=\"qodef-e-text\">\n\t\t\t\t<h3 itemprop=\"name\" class=\"qodef-e-title entry-title\">\n\t\t\t<a itemprop=\"url\" class=\"qodef-e-title-link\" href=\"https:\/\/weselewsopocie.pl\/index.php\/en\/2017\/06\/26\/international-weddings\/\" title=\"International weddings\">\n\t\t\tInternational weddings\t\t\t<\/a>\n\t<\/h3>\t\t<p itemprop=\"description\" class=\"qodef-e-excerpt\">\n\t\t\t&#8222;Love knows no borders&#8230;&#8221; &#8211; many couples whose fianc\u00e9es come from different countries have certainly realized how much truth is in these words&#8230; As a wedding consultant, I receive more and more inquiries about the organization of international weddings. Dzi\u0119ki naszemu wieloletniemu do\u015bwiadczeniu, doskonale zdaj\u0119 sobie spraw\u0119 z tego, jak wiele dodatkowych szczeg\u00f3\u0142\u00f3w nale\u017cy wzi\u0105\u0107 [&hellip;]\t\t<\/p>\n\t\t\t\t<\/div>\n\t\t\t<div class=\"qodef-e-info qodef-info--bottom\">\n\t\t\t\t<div class=\"qodef-e-info-left\">\n\t\t\t\t\t\t<div class=\"qodef-e-read-more\">\n\t\t<a class=\"qodef-shortcode qodef-m  qodef-button qodef-layout--textual  qodef-html--link\" href=\"https:\/\/weselewsopocie.pl\/index.php\/en\/2017\/06\/26\/international-weddings\/\" target=\"_self\"  >\t<span class=\"qodef-m-text\">wi\u0119cej<\/span><\/a>\t<\/div>\n\t\t\t\t<\/div>\n\t\t\t<\/div>\n\t\t<\/div>\n\t<\/div>\n<\/article><article class=\"qodef-e qodef-grid-item qodef-item--full post-2662 post type-post status-publish format-standard has-post-thumbnail hentry category-bez-kategorii-en\">\n\t<div class=\"qodef-e-inner\">\n\t\t<div class=\"qodef-e-media\">\n\t\t<div class=\"qodef-e-media-image\">\n\t\t\t\t\t<a itemprop=\"url\" href=\"https:\/\/weselewsopocie.pl\/index.php\/en\/2017\/06\/02\/while-planning-your-wedding-remember-about-thank-you\/\" title=\"While planning your wedding remember about &#8222;thank you&#8221;\">\n\t\t\t\t\t<img loading=\"lazy\" decoding=\"async\" width=\"970\" height=\"680\" src=\"https:\/\/weselewsopocie.pl\/wp-content\/uploads\/2024\/04\/planujac-wesele-nie-zapomnij-o_1.jpg\" class=\"attachment-full size-full wp-post-image\" alt=\"\" srcset=\"https:\/\/weselewsopocie.pl\/wp-content\/uploads\/2024\/04\/planujac-wesele-nie-zapomnij-o_1.jpg 970w, https:\/\/weselewsopocie.pl\/wp-content\/uploads\/2024\/04\/planujac-wesele-nie-zapomnij-o_1-300x210.jpg 300w, https:\/\/weselewsopocie.pl\/wp-content\/uploads\/2024\/04\/planujac-wesele-nie-zapomnij-o_1-768x538.jpg 768w\" sizes=\"(max-width: 970px) 100vw, 970px\" \/>\t\t\t\t\t<\/a>\n\t\t\t<\/div>\n<\/div>\t\t<div class=\"qodef-e-content\">\n\t\t\t<div class=\"qodef-e-info qodef-info--top\">\n\t\t\t\t<div itemprop=\"dateCreated\" class=\"qodef-e-info-item qodef-e-info-date entry-date \">\n\t<a itemprop=\"url\" href=\"https:\/\/weselewsopocie.pl\/index.php\/2017\/06\/\" title=\"While planning your wedding remember about &#8222;thank you&#8221;\">2017-06-02<\/a>\n\t<meta itemprop=\"interactionCount\" content=\"UserComments: 0\"\/>\n<\/div>\t\t\t<\/div>\n\t\t\t<div class=\"qodef-e-text\">\n\t\t\t\t<h3 itemprop=\"name\" class=\"qodef-e-title entry-title\">\n\t\t\t<a itemprop=\"url\" class=\"qodef-e-title-link\" href=\"https:\/\/weselewsopocie.pl\/index.php\/en\/2017\/06\/02\/while-planning-your-wedding-remember-about-thank-you\/\" title=\"While planning your wedding remember about &#8222;thank you&#8221;\">\n\t\t\tWhile planning your wedding remember about &#8222;thank you&#8221;\t\t\t<\/a>\n\t<\/h3>\t\t<p itemprop=\"description\" class=\"qodef-e-excerpt\">\n\t\t\tThank you for your parents Thank you speech is one of the most important and touching moments of each wedding. The bride and groom want to choose the best gifts, words, and even background music expressing their gratitude for their parents. It is worth considering how you&#8217;d like to organize it and what you&#8217;d like [&hellip;]\t\t<\/p>\n\t\t\t\t<\/div>\n\t\t\t<div class=\"qodef-e-info qodef-info--bottom\">\n\t\t\t\t<div class=\"qodef-e-info-left\">\n\t\t\t\t\t\t<div class=\"qodef-e-read-more\">\n\t\t<a class=\"qodef-shortcode qodef-m  qodef-button qodef-layout--textual  qodef-html--link\" href=\"https:\/\/weselewsopocie.pl\/index.php\/en\/2017\/06\/02\/while-planning-your-wedding-remember-about-thank-you\/\" target=\"_self\"  >\t<span class=\"qodef-m-text\">wi\u0119cej<\/span><\/a>\t<\/div>\n\t\t\t\t<\/div>\n\t\t\t<\/div>\n\t\t<\/div>\n\t<\/div>\n<\/article><article class=\"qodef-e qodef-grid-item qodef-item--full post-2664 post type-post status-publish format-standard hentry category-bez-kategorii-en\">\n\t<div class=\"qodef-e-inner\">\n\t\t<div class=\"qodef-e-media\">\n\t<\/div>\t\t<div class=\"qodef-e-content\">\n\t\t\t<div class=\"qodef-e-info qodef-info--top\">\n\t\t\t\t<div itemprop=\"dateCreated\" class=\"qodef-e-info-item qodef-e-info-date entry-date \">\n\t<a itemprop=\"url\" href=\"https:\/\/weselewsopocie.pl\/index.php\/2017\/06\/\" title=\"Attractions\">2017-06-01<\/a>\n\t<meta itemprop=\"interactionCount\" content=\"UserComments: 0\"\/>\n<\/div>\t\t\t<\/div>\n\t\t\t<div class=\"qodef-e-text\">\n\t\t\t\t<h3 itemprop=\"name\" class=\"qodef-e-title entry-title\">\n\t\t\t<a itemprop=\"url\" class=\"qodef-e-title-link\" href=\"https:\/\/weselewsopocie.pl\/index.php\/en\/2017\/06\/01\/attractions\/\" title=\"Attractions\">\n\t\t\tAttractions\t\t\t<\/a>\n\t<\/h3>\t\t<p itemprop=\"description\" class=\"qodef-e-excerpt\">\n\t\t\tWhen organizing a wedding reception, we want our guests to have fun, eat well and. enjoy themselves. Thus, you shall think of attractions for your party. It&#8217;s not easy to choose Nowadays, when there are more and more companies offering an impressive range of attractions for parties, events and family celebrations, it is really difficult [&hellip;]\t\t<\/p>\n\t\t\t\t<\/div>\n\t\t\t<div class=\"qodef-e-info qodef-info--bottom\">\n\t\t\t\t<div class=\"qodef-e-info-left\">\n\t\t\t\t\t\t<div class=\"qodef-e-read-more\">\n\t\t<a class=\"qodef-shortcode qodef-m  qodef-button qodef-layout--textual  qodef-html--link\" href=\"https:\/\/weselewsopocie.pl\/index.php\/en\/2017\/06\/01\/attractions\/\" target=\"_self\"  >\t<span class=\"qodef-m-text\">wi\u0119cej<\/span><\/a>\t<\/div>\n\t\t\t\t<\/div>\n\t\t\t<\/div>\n\t\t<\/div>\n\t<\/div>\n<\/article>\t<\/div>\n\t<\/div>[\/vc_column][\/vc_row]<\/p>\n<\/section>","protected":false},"excerpt":{"rendered":"<p>[vc_row][vc_column offset=&#8221;vc_col-lg-12 vc_col-md-12&#8243;][\/vc_column][\/vc_row]<\/p>\n","protected":false},"author":1,"featured_media":0,"parent":0,"menu_order":0,"comment_status":"closed","ping_status":"closed","template":"","meta":{"footnotes":""},"class_list":["post-2559","page","type-page","status-publish","hentry"],"_links":{"self":[{"href":"https:\/\/weselewsopocie.pl\/index.php\/wp-json\/wp\/v2\/pages\/2559"}],"collection":[{"href":"https:\/\/weselewsopocie.pl\/index.php\/wp-json\/wp\/v2\/pages"}],"about":[{"href":"https:\/\/weselewsopocie.pl\/index.php\/wp-json\/wp\/v2\/types\/page"}],"author":[{"embeddable":true,"href":"https:\/\/weselewsopocie.pl\/index.php\/wp-json\/wp\/v2\/users\/1"}],"replies":[{"embeddable":true,"href":"https:\/\/weselewsopocie.pl\/index.php\/wp-json\/wp\/v2\/comments?post=2559"}],"version-history":[{"count":5,"href":"https:\/\/weselewsopocie.pl\/index.php\/wp-json\/wp\/v2\/pages\/2559\/revisions"}],"predecessor-version":[{"id":2666,"href":"https:\/\/weselewsopocie.pl\/index.php\/wp-json\/wp\/v2\/pages\/2559\/revisions\/2666"}],"wp:attachment":[{"href":"https:\/\/weselewsopocie.pl\/index.php\/wp-json\/wp\/v2\/media?parent=2559"}],"curies":[{"name":"wp","href":"https:\/\/api.w.org\/{rel}","templated":true}]}}