{"id":2501,"date":"2024-09-24T21:23:55","date_gmt":"2024-09-24T19:23:55","guid":{"rendered":"https:\/\/weselewsopocie.pl\/?page_id=2501"},"modified":"2024-09-24T22:07:38","modified_gmt":"2024-09-24T20:07:38","slug":"churches","status":"publish","type":"page","link":"https:\/\/weselewsopocie.pl\/index.php\/en\/churches\/","title":{"rendered":"Churches and municipal offices"},"content":{"rendered":"<section class=\"wpb-content-wrapper\"><p>[vc_row][vc_column][vc_empty_space][\/vc_column][\/vc_row][vc_row content_placement=&#8221;middle&#8221; row_content_width=&#8221;grid&#8221; css=&#8221;.vc_custom_1576670942463{padding-bottom: 40px !important;}&#8221;][vc_column css=&#8221;.vc_custom_1578494993850{padding-right: 17% !important;padding-bottom: 39px !important;}&#8221; offset=&#8221;vc_col-lg-6 vc_col-md-12&#8243; column_responsive_padding_1024=&#8221;0px 15px&#8221; column_responsive_padding_1440=&#8221;0px 15px 33px 7%&#8221; column_responsive_padding_1366=&#8221;0px 18px 33px 3%&#8221; column_responsive_padding_1280=&#8221;0px 18px 33px 3%&#8221;]<div class=\"qodef-shortcode qodef-m  qodef-section-title qodef-alignment--left \">\n\t\t<p class=\"qodef-m-subtitle\" >Church<\/p>\n\t\t<h3 class=\"qodef-m-title\" >\n\t\t\t\t\tKo\u015bci\u00f3\u0142 garnizonowy pw. \u015bw. Jerzego\t\t\t<\/h3>\n\t\t<p class=\"qodef-m-text\" >Tadeusza Ko\u015bciuszki 1 str. - distance from the hotel: 50 m<\/p>\n<\/div>[vc_empty_space height=&#8221;4px&#8221;][vc_gmaps link=&#8221;#E-8_JTNDaWZyYW1lJTIwc3JjJTNEJTIyaHR0cHMlM0ElMkYlMkZ3d3cuZ29vZ2xlLmNvbSUyRm1hcHMlMkZlbWJlZCUzRnBiJTNEJTIxMW0xOCUyMTFtMTIlMjExbTMlMjExZDE1NDguNDg2MTU2NjcwMTk0NSUyMTJkMTguNTYyMjMyMTY0Njc0Mjg1JTIxM2Q1NC40NDMzODUwNjEwNTI0OTYlMjEybTMlMjExZjAlMjEyZjAlMjEzZjAlMjEzbTIlMjExaTEwMjQlMjEyaTc2OCUyMTRmMTMuMSUyMTNtMyUyMTFtMiUyMTFzMHg0NmZkMGE5MWFmYjU1ODJkJTI1M0EweDM1NDllYmNjZDcwNzk4NDIlMjEyelMyX0ZtMk5wdzdQRmdpREZtM2N1SUVwbGNucGxaMjhnZHlCVGIzQnZZMmxsJTIxNWUwJTIxM20yJTIxMXNwbCUyMTJzcGwlMjE0djE3MTI0ODk4ODI3MDclMjE1bTIlMjExc3BsJTIxMnNwbCUyMiUyMHdpZHRoJTNEJTIyNjAwJTIyJTIwaGVpZ2h0JTNEJTIyNDUwJTIyJTIwc3R5bGUlM0QlMjJib3JkZXIlM0EwJTNCJTIyJTIwYWxsb3dmdWxsc2NyZWVuJTNEJTIyJTIyJTIwbG9hZGluZyUzRCUyMmxhenklMjIlMjByZWZlcnJlcnBvbGljeSUzRCUyMm5vLXJlZmVycmVyLXdoZW4tZG93bmdyYWRlJTIyJTNFJTNDJTJGaWZyYW1lJTNF&#8221;][\/vc_column][vc_column offset=&#8221;vc_col-lg-6 vc_col-md-12&#8243;]<div class=\"qodef-shortcode qodef-m  qodef-stacked-images qodef-layout--default qodef-stack--bottom\">\n\t<div class=\"qodef-m-images\">\n\t\t<div class=\"qodef-e-main-image-holder\">\n\t\t\t<div class=\"qodef-e-main-image-zoom-holder\">\n\t\t\t\t\t\t\t<img loading=\"lazy\" decoding=\"async\" width=\"405\" height=\"720\" src=\"https:\/\/weselewsopocie.pl\/wp-content\/uploads\/2024\/04\/kosciol-garnizonowy-pw-sw-jerzego-sopot-1.jpg\" class=\"qodef-e-main-image\" alt=\"\" srcset=\"https:\/\/weselewsopocie.pl\/wp-content\/uploads\/2024\/04\/kosciol-garnizonowy-pw-sw-jerzego-sopot-1.jpg 405w, https:\/\/weselewsopocie.pl\/wp-content\/uploads\/2024\/04\/kosciol-garnizonowy-pw-sw-jerzego-sopot-1-169x300.jpg 169w\" sizes=\"(max-width: 405px) 100vw, 405px\" \/>\t\t\t\t\t\t<\/div>\n\t\t<\/div>\n\t\t\t\n\t<\/div>\n<\/div>[\/vc_column][\/vc_row][vc_row content_placement=&#8221;middle&#8221; row_content_width=&#8221;grid&#8221; css=&#8221;.vc_custom_1576670942463{padding-bottom: 40px !important;}&#8221;][vc_column css=&#8221;.vc_custom_1578494993850{padding-right: 17% !important;padding-bottom: 39px !important;}&#8221; offset=&#8221;vc_col-lg-6 vc_col-md-12&#8243; column_responsive_padding_1024=&#8221;0px 15px&#8221; column_responsive_padding_1440=&#8221;0px 15px 33px 7%&#8221; column_responsive_padding_1366=&#8221;0px 18px 33px 3%&#8221; column_responsive_padding_1280=&#8221;0px 18px 33px 3%&#8221;]<div class=\"qodef-shortcode qodef-m  qodef-section-title qodef-alignment--left \">\n\t\t<p class=\"qodef-m-subtitle\" >Church<\/p>\n\t\t<h3 class=\"qodef-m-title\" >\n\t\t\t\t\tKo\u015bci\u00f3\u0142 \u015bw. Andrzeja Boboli\t\t\t<\/h3>\n\t\t<p class=\"qodef-m-text\" >Powsta\u0144c\u00f3w Warszawy 15 str. - distance from the hotel: 500 m<\/p>\n<\/div>[vc_empty_space height=&#8221;4px&#8221;][vc_gmaps link=&#8221;#E-8_JTNDaWZyYW1lJTIwc3JjJTNEJTIyaHR0cHMlM0ElMkYlMkZ3d3cuZ29vZ2xlLmNvbSUyRm1hcHMlMkZlbWJlZCUzRnBiJTNEJTIxMW0xOCUyMTFtMTIlMjExbTMlMjExZDIzMjMuNTI4MDM2MTI1MzUxJTIxMmQxOC42MTk2MTc4OTk5OTk5OTglMjEzZDU0LjM4Mjk4NzclMjEybTMlMjExZjAlMjEyZjAlMjEzZjAlMjEzbTIlMjExaTEwMjQlMjEyaTc2OCUyMTRmMTMuMSUyMTNtMyUyMTFtMiUyMTFzMHg0NmZkNzRiY2Y4Njg2ODczJTI1M0EweGY1OThkZjE0N2MxNWJiNWUlMjEyelMyX0ZtMk5wdzdQRmdpQndkeTRneFp0M0xpQkJibVJ5ZW1WcVlTQkNiMkp2YkdrJTIxNWUwJTIxM20yJTIxMXNwbCUyMTJzcGwlMjE0djE3MTM5MDA3MTY1NTUlMjE1bTIlMjExc3BsJTIxMnNwbCUyMiUyMHdpZHRoJTNEJTIyNjAwJTIyJTIwaGVpZ2h0JTNEJTIyNDUwJTIyJTIwc3R5bGUlM0QlMjJib3JkZXIlM0EwJTNCJTIyJTIwYWxsb3dmdWxsc2NyZWVuJTNEJTIyJTIyJTIwbG9hZGluZyUzRCUyMmxhenklMjIlMjByZWZlcnJlcnBvbGljeSUzRCUyMm5vLXJlZmVycmVyLXdoZW4tZG93bmdyYWRlJTIyJTNFJTNDJTJGaWZyYW1lJTNF&#8221;][\/vc_column][vc_column offset=&#8221;vc_col-lg-6 vc_col-md-12&#8243;]<div class=\"qodef-shortcode qodef-m  qodef-stacked-images qodef-layout--default qodef-stack--right\">\n\t<div class=\"qodef-m-images\">\n\t\t<div class=\"qodef-e-main-image-holder\">\n\t\t\t<div class=\"qodef-e-main-image-zoom-holder\">\n\t\t\t\t\t\t\t<img loading=\"lazy\" decoding=\"async\" width=\"405\" height=\"720\" src=\"https:\/\/weselewsopocie.pl\/wp-content\/uploads\/2024\/04\/kosciol-sw-andrzeja-boboli.jpg\" class=\"qodef-e-main-image\" alt=\"\" srcset=\"https:\/\/weselewsopocie.pl\/wp-content\/uploads\/2024\/04\/kosciol-sw-andrzeja-boboli.jpg 405w, https:\/\/weselewsopocie.pl\/wp-content\/uploads\/2024\/04\/kosciol-sw-andrzeja-boboli-169x300.jpg 169w\" sizes=\"(max-width: 405px) 100vw, 405px\" \/>\t\t\t\t\t\t<\/div>\n\t\t<\/div>\n\t\t\t\n\t<\/div>\n<\/div>[\/vc_column][\/vc_row][vc_row content_placement=&#8221;middle&#8221; row_content_width=&#8221;grid&#8221; css=&#8221;.vc_custom_1576670942463{padding-bottom: 40px !important;}&#8221;][vc_column css=&#8221;.vc_custom_1578494993850{padding-right: 17% !important;padding-bottom: 39px !important;}&#8221; offset=&#8221;vc_col-lg-6 vc_col-md-12&#8243; column_responsive_padding_1024=&#8221;0px 15px&#8221; column_responsive_padding_1440=&#8221;0px 15px 33px 7%&#8221; column_responsive_padding_1366=&#8221;0px 18px 33px 3%&#8221; column_responsive_padding_1280=&#8221;0px 18px 33px 3%&#8221;]<div class=\"qodef-shortcode qodef-m  qodef-section-title qodef-alignment--left \">\n\t\t<p class=\"qodef-m-subtitle\" >Church<\/p>\n\t\t<h3 class=\"qodef-m-title\" >\n\t\t\t\t\tKo\u015bci\u00f3\u0142 Naj\u015bwi\u0119tszej Maryi Panny Gwiazdy Morza\t\t\t<\/h3>\n\t\t<p class=\"qodef-m-text\" >Tadeusza Ko\u015bciuszki 19 str. - distance from the hotel: 500 m<\/p>\n<\/div>[vc_empty_space height=&#8221;4px&#8221;][vc_gmaps link=&#8221;#E-8_JTNDaWZyYW1lJTIwc3JjJTNEJTIyaHR0cHMlM0ElMkYlMkZ3d3cuZ29vZ2xlLmNvbSUyRm1hcHMlMkZlbWJlZCUzRnBiJTNEJTIxMW0xOCUyMTFtMTIlMjExbTMlMjExZDIzMjAuMjcwOTAyNzE3ODgzNSUyMTJkMTguNTY1MjE0Mjk5OTk5OTk3JTIxM2Q1NC40NDA1MDQ4JTIxMm0zJTIxMWYwJTIxMmYwJTIxM2YwJTIxM20yJTIxMWkxMDI0JTIxMmk3NjglMjE0ZjEzLjElMjEzbTMlMjExbTIlMjExczB4NDZmZDBhOTE2NzhiNmMxZiUyNTNBMHhiM2M1YjRiYzJmNWM0ODU1JTIxMnNLbyUyNUM1JTI1OUJjaSUyNUMzJTI1QjMlMjVDNSUyNTgyJTI1MjBSenltc2tva2F0b2xpY2tpJTI1MjBwdy4lMjUyME5NUCUyNTIwR3dpYXpkeSUyNTIwTW9yemElMjE1ZTAlMjEzbTIlMjExc3BsJTIxMnNwbCUyMTR2MTcxMzkwMTE0NTk3OCUyMTVtMiUyMTFzcGwlMjEyc3BsJTIyJTIwd2lkdGglM0QlMjI2MDAlMjIlMjBoZWlnaHQlM0QlMjI0NTAlMjIlMjBzdHlsZSUzRCUyMmJvcmRlciUzQTAlM0IlMjIlMjBhbGxvd2Z1bGxzY3JlZW4lM0QlMjIlMjIlMjBsb2FkaW5nJTNEJTIybGF6eSUyMiUyMHJlZmVycmVycG9saWN5JTNEJTIybm8tcmVmZXJyZXItd2hlbi1kb3duZ3JhZGUlMjIlM0UlM0MlMkZpZnJhbWUlM0U=&#8221;][\/vc_column][vc_column offset=&#8221;vc_col-lg-6 vc_col-md-12&#8243;]<div class=\"qodef-shortcode qodef-m  qodef-stacked-images qodef-layout--default qodef-stack--bottom\">\n\t<div class=\"qodef-m-images\">\n\t\t<div class=\"qodef-e-main-image-holder\">\n\t\t\t<div class=\"qodef-e-main-image-zoom-holder\">\n\t\t\t\t\t\t\t<img loading=\"lazy\" decoding=\"async\" width=\"405\" height=\"720\" src=\"https:\/\/weselewsopocie.pl\/wp-content\/uploads\/2024\/04\/kosciol-gwiazdy-morza-sopot-1.jpg\" class=\"qodef-e-main-image\" alt=\"\" srcset=\"https:\/\/weselewsopocie.pl\/wp-content\/uploads\/2024\/04\/kosciol-gwiazdy-morza-sopot-1.jpg 405w, https:\/\/weselewsopocie.pl\/wp-content\/uploads\/2024\/04\/kosciol-gwiazdy-morza-sopot-1-169x300.jpg 169w\" sizes=\"(max-width: 405px) 100vw, 405px\" \/>\t\t\t\t\t\t<\/div>\n\t\t<\/div>\n\t\t\t\n\t<\/div>\n<\/div>[\/vc_column][\/vc_row][vc_row content_placement=&#8221;middle&#8221; row_content_width=&#8221;grid&#8221; css=&#8221;.vc_custom_1576670978216{padding-top: 112px !important;padding-bottom: 40px !important;}&#8221;][vc_column width=&#8221;2\/3&#8243; offset=&#8221;vc_col-lg-6 vc_col-md-12&#8243; column_responsive_padding_1024=&#8221;0px 15px&#8221;]<div class=\"qodef-shortcode qodef-m  qodef-section-title qodef-alignment--left \">\n\t\t<p class=\"qodef-m-subtitle\" >urz\u0105d<\/p>\n\t\t<h3 class=\"qodef-m-title\" >\n\t\t\t\t\tParafia Archikatedralna pw. Tr\u00f3jcy \u015awi\u0119tej\t\t\t<\/h3>\n\t\t<p class=\"qodef-m-text\" >Biskupa Edmunda Nowickiego 5 str. - distance from the hotel: 3,9km<\/p>\n<\/div>[vc_gmaps link=&#8221;#E-8_JTNDaWZyYW1lJTIwc3JjJTNEJTIyaHR0cHMlM0ElMkYlMkZ3d3cuZ29vZ2xlLmNvbSUyRm1hcHMlMkZlbWJlZCUzRnBiJTNEJTIxMW0xOCUyMTFtMTIlMjExbTMlMjExZDIzMjEuOTQzMDQwNjkxMTA5NyUyMTJkMTguNTU1NDQwNjc3MDM5MjA0JTIxM2Q1NC40MTA5ODE5OTQ1MzQ5MSUyMTJtMyUyMTFmMCUyMTJmMCUyMTNmMCUyMTNtMiUyMTFpMTAyNCUyMTJpNzY4JTIxNGYxMy4xJTIxM20zJTIxMW0yJTIxMXMweDQ2ZmQ3NTM0ZDg2ZGEwZWQlMjUzQTB4NDI0ZWY0NjQ5ODJiZTFiOSUyMTJzS2F0ZWRyYSUyNTIwT2xpd3NrYSUyMTVlMCUyMTNtMiUyMTFzcGwlMjEyc3BsJTIxNHYxNzE4NzM2NzQzMTc2JTIxNW0yJTIxMXNwbCUyMTJzcGwlMjIlMjB3aWR0aCUzRCUyMjYwMCUyMiUyMGhlaWdodCUzRCUyMjQ1MCUyMiUyMHN0eWxlJTNEJTIyYm9yZGVyJTNBMCUzQiUyMiUyMGFsbG93ZnVsbHNjcmVlbiUzRCUyMiUyMiUyMGxvYWRpbmclM0QlMjJsYXp5JTIyJTIwcmVmZXJyZXJwb2xpY3klM0QlMjJuby1yZWZlcnJlci13aGVuLWRvd25ncmFkZSUyMiUzRSUzQyUyRmlmcmFtZSUzRQ==&#8221;][\/vc_column][vc_column width=&#8221;1\/3&#8243;]<div class=\"qodef-shortcode qodef-m  qodef-stacked-images qodef-layout--default qodef-stack--bottom\">\n\t<div class=\"qodef-m-images\">\n\t\t<div class=\"qodef-e-main-image-holder\">\n\t\t\t<div class=\"qodef-e-main-image-zoom-holder\">\n\t\t\t\t\t\t\t<img loading=\"lazy\" decoding=\"async\" width=\"800\" height=\"1074\" src=\"https:\/\/weselewsopocie.pl\/wp-content\/uploads\/2024\/06\/Archcathedral_Basilica_in_Oliwa.jpg\" class=\"qodef-e-main-image\" alt=\"\" srcset=\"https:\/\/weselewsopocie.pl\/wp-content\/uploads\/2024\/06\/Archcathedral_Basilica_in_Oliwa.jpg 800w, https:\/\/weselewsopocie.pl\/wp-content\/uploads\/2024\/06\/Archcathedral_Basilica_in_Oliwa-223x300.jpg 223w, https:\/\/weselewsopocie.pl\/wp-content\/uploads\/2024\/06\/Archcathedral_Basilica_in_Oliwa-763x1024.jpg 763w, https:\/\/weselewsopocie.pl\/wp-content\/uploads\/2024\/06\/Archcathedral_Basilica_in_Oliwa-768x1031.jpg 768w\" sizes=\"(max-width: 800px) 100vw, 800px\" \/>\t\t\t\t\t\t<\/div>\n\t\t<\/div>\n\t\t\t\n\t<\/div>\n<\/div>[\/vc_column][\/vc_row][vc_row parallax=&#8221;content-moving&#8221; parallax_image=&#8221;2089&#8243; parallax_speed_bg=&#8221;1.2&#8243; css_animation=&#8221;fadeIn&#8221; css=&#8221;.vc_custom_1713900251925{padding-top: 221px !important;padding-bottom: 222px !important;}&#8221;][vc_column][\/vc_column][\/vc_row][vc_row content_placement=&#8221;middle&#8221; row_content_width=&#8221;grid&#8221; css=&#8221;.vc_custom_1576670978216{padding-top: 112px !important;padding-bottom: 40px !important;}&#8221;][vc_column width=&#8221;2\/3&#8243; offset=&#8221;vc_col-lg-6 vc_col-md-12&#8243; column_responsive_padding_1024=&#8221;0px 15px&#8221;]<div class=\"qodef-shortcode qodef-m  qodef-section-title qodef-alignment--left \">\n\t\t<p class=\"qodef-m-subtitle\" >municipal offices<\/p>\n\t\t<h3 class=\"qodef-m-title\" >\n\t\t\t\t\tCivil Registry Office\t\t\t<\/h3>\n\t\t<p class=\"qodef-m-text\" >Tadeusza Ko\u015bciuszki 25\/27 str. - distance from the hotel: 400 m<\/p>\n<\/div>[vc_gmaps link=&#8221;#E-8_JTNDaWZyYW1lJTIwc3JjJTNEJTIyaHR0cHMlM0ElMkYlMkZ3d3cuZ29vZ2xlLmNvbSUyRm1hcHMlMkZlbWJlZCUzRnBiJTNEJTIxMW0xOCUyMTFtMTIlMjExbTMlMjExZDIzMjAuMjk2NDAwNDkzMjIxNCUyMTJkMTguNTY0ODE0NTAwMDAwMDA0JTIxM2Q1NC40NDAwNTQ3JTIxMm0zJTIxMWYwJTIxMmYwJTIxM2YwJTIxM20yJTIxMWkxMDI0JTIxMmk3NjglMjE0ZjEzLjElMjEzbTMlMjExbTIlMjExczB4NDZmZDBhOTE1YjJmODY5ZCUyNTNBMHgxODgwNTk4ZjNkMGNhNDA4JTIxMnNVcnolMjVDNCUyNTg1ZCUyNTIwU3RhbnUlMjUyMEN5d2lsbmVnbyUyNTIwdyUyNTIwU29wb2NpZSUyMTVlMCUyMTNtMiUyMTFzcGwlMjEyc3BsJTIxNHYxNzEzOTAxMzA4MTg3JTIxNW0yJTIxMXNwbCUyMTJzcGwlMjIlMjB3aWR0aCUzRCUyMjYwMCUyMiUyMGhlaWdodCUzRCUyMjQ1MCUyMiUyMHN0eWxlJTNEJTIyYm9yZGVyJTNBMCUzQiUyMiUyMGFsbG93ZnVsbHNjcmVlbiUzRCUyMiUyMiUyMGxvYWRpbmclM0QlMjJsYXp5JTIyJTIwcmVmZXJyZXJwb2xpY3klM0QlMjJuby1yZWZlcnJlci13aGVuLWRvd25ncmFkZSUyMiUzRSUzQyUyRmlmcmFtZSUzRQ==&#8221;][\/vc_column][vc_column width=&#8221;1\/3&#8243;]<div class=\"qodef-shortcode qodef-m  qodef-stacked-images qodef-layout--default qodef-stack--bottom\">\n\t<div class=\"qodef-m-images\">\n\t\t<div class=\"qodef-e-main-image-holder\">\n\t\t\t<div class=\"qodef-e-main-image-zoom-holder\">\n\t\t\t\t\t\t\t<img loading=\"lazy\" decoding=\"async\" width=\"468\" height=\"832\" src=\"https:\/\/weselewsopocie.pl\/wp-content\/uploads\/2024\/04\/um-sopot.jpg\" class=\"qodef-e-main-image\" alt=\"\" srcset=\"https:\/\/weselewsopocie.pl\/wp-content\/uploads\/2024\/04\/um-sopot.jpg 468w, https:\/\/weselewsopocie.pl\/wp-content\/uploads\/2024\/04\/um-sopot-169x300.jpg 169w\" sizes=\"(max-width: 468px) 100vw, 468px\" \/>\t\t\t\t\t\t<\/div>\n\t\t<\/div>\n\t\t\t\n\t<\/div>\n<\/div>[\/vc_column][\/vc_row]<\/p>\n<\/section>","protected":false},"excerpt":{"rendered":"<p>[vc_row][vc_column][vc_empty_space][\/vc_column][\/vc_row][vc_row content_placement=&#8221;middle&#8221; row_content_width=&#8221;grid&#8221; css=&#8221;.vc_custom_1576670942463{padding-bottom: 40px !important;}&#8221;][vc_column css=&#8221;.vc_custom_1578494993850{padding-right: 17% !important;padding-bottom: 39px !important;}&#8221; offset=&#8221;vc_col-lg-6 vc_col-md-12&#8243; column_responsive_padding_1024=&#8221;0px 15px&#8221; column_responsive_padding_1440=&#8221;0px 15px 33px 7%&#8221; column_responsive_padding_1366=&#8221;0px 18px 33px 3%&#8221; column_responsive_padding_1280=&#8221;0px 18px 33px 3%&#8221;][vc_empty_space height=&#8221;4px&#8221;][vc_gmaps link=&#8221;#E-8_JTNDaWZyYW1lJTIwc3JjJTNEJTIyaHR0cHMlM0ElMkYlMkZ3d3cuZ29vZ2xlLmNvbSUyRm1hcHMlMkZlbWJlZCUzRnBiJTNEJTIxMW0xOCUyMTFtMTIlMjExbTMlMjExZDE1NDguNDg2MTU2NjcwMTk0NSUyMTJkMTguNTYyMjMyMTY0Njc0Mjg1JTIxM2Q1NC40NDMzODUwNjEwNTI0OTYlMjEybTMlMjExZjAlMjEyZjAlMjEzZjAlMjEzbTIlMjExaTEwMjQlMjEyaTc2OCUyMTRmMTMuMSUyMTNtMyUyMTFtMiUyMTFzMHg0NmZkMGE5MWFmYjU1ODJkJTI1M0EweDM1NDllYmNjZDcwNzk4NDIlMjEyelMyX0ZtMk5wdzdQRmdpREZtM2N1SUVwbGNucGxaMjhnZHlCVGIzQnZZMmxsJTIxNWUwJTIxM20yJTIxMXNwbCUyMTJzcGwlMjE0djE3MTI0ODk4ODI3MDclMjE1bTIlMjExc3BsJTIxMnNwbCUyMiUyMHdpZHRoJTNEJTIyNjAwJTIyJTIwaGVpZ2h0JTNEJTIyNDUwJTIyJTIwc3R5bGUlM0QlMjJib3JkZXIlM0EwJTNCJTIyJTIwYWxsb3dmdWxsc2NyZWVuJTNEJTIyJTIyJTIwbG9hZGluZyUzRCUyMmxhenklMjIlMjByZWZlcnJlcnBvbGljeSUzRCUyMm5vLXJlZmVycmVyLXdoZW4tZG93bmdyYWRlJTIyJTNFJTNDJTJGaWZyYW1lJTNF&#8221;][\/vc_column][vc_column offset=&#8221;vc_col-lg-6 vc_col-md-12&#8243;][\/vc_column][\/vc_row][vc_row content_placement=&#8221;middle&#8221; row_content_width=&#8221;grid&#8221; css=&#8221;.vc_custom_1576670942463{padding-bottom: 40px !important;}&#8221;][vc_column css=&#8221;.vc_custom_1578494993850{padding-right: 17% !important;padding-bottom: 39px !important;}&#8221; offset=&#8221;vc_col-lg-6 vc_col-md-12&#8243; column_responsive_padding_1024=&#8221;0px 15px&#8221; column_responsive_padding_1440=&#8221;0px 15px 33px 7%&#8221; column_responsive_padding_1366=&#8221;0px 18px 33px 3%&#8221; column_responsive_padding_1280=&#8221;0px 18px [&hellip;]<\/p>\n","protected":false},"author":1,"featured_media":0,"parent":0,"menu_order":0,"comment_status":"closed","ping_status":"closed","template":"page-full-width.php","meta":{"footnotes":""},"class_list":["post-2501","page","type-page","status-publish","hentry"],"_links":{"self":[{"href":"https:\/\/weselewsopocie.pl\/index.php\/wp-json\/wp\/v2\/pages\/2501"}],"collection":[{"href":"https:\/\/weselewsopocie.pl\/index.php\/wp-json\/wp\/v2\/pages"}],"about":[{"href":"https:\/\/weselewsopocie.pl\/index.php\/wp-json\/wp\/v2\/types\/page"}],"author":[{"embeddable":true,"href":"https:\/\/weselewsopocie.pl\/index.php\/wp-json\/wp\/v2\/users\/1"}],"replies":[{"embeddable":true,"href":"https:\/\/weselewsopocie.pl\/index.php\/wp-json\/wp\/v2\/comments?post=2501"}],"version-history":[{"count":10,"href":"https:\/\/weselewsopocie.pl\/index.php\/wp-json\/wp\/v2\/pages\/2501\/revisions"}],"predecessor-version":[{"id":2519,"href":"https:\/\/weselewsopocie.pl\/index.php\/wp-json\/wp\/v2\/pages\/2501\/revisions\/2519"}],"wp:attachment":[{"href":"https:\/\/weselewsopocie.pl\/index.php\/wp-json\/wp\/v2\/media?parent=2501"}],"curies":[{"name":"wp","href":"https:\/\/api.w.org\/{rel}","templated":true}]}}