{"id":2038,"date":"2024-04-07T13:26:25","date_gmt":"2024-04-07T11:26:25","guid":{"rendered":"http:\/\/new2024.weselewsopocie.pl\/?page_id=2038"},"modified":"2024-09-26T19:50:24","modified_gmt":"2024-09-26T17:50:24","slug":"partners","status":"publish","type":"page","link":"https:\/\/weselewsopocie.pl\/index.php\/partners\/","title":{"rendered":"Partnerzy"},"content":{"rendered":"<section class=\"wpb-content-wrapper\"><p>[vc_row content_placement=&#8221;middle&#8221; row_content_width=&#8221;grid&#8221; content_text_alignment=&#8221;center&#8221; css=&#8221;.vc_custom_1713887402405{background-image: url(https:\/\/weselewsopocie.pl\/wp-content\/uploads\/2024\/04\/gallery_g2_gallery_DSC04289.jpg?id=2158) !important;}&#8221; el_class=&#8221;qodef-margin-grid&#8221;][vc_column css=&#8221;.vc_custom_1575456515187{padding-top: 239px !important;padding-bottom: 267px !important;}&#8221; column_responsive_padding_1024=&#8221;127px 15px 153px&#8221; column_responsive_padding_680=&#8221;72px 15px 87px&#8221; column_responsive_padding_1440=&#8221;150px 15px 176px&#8221;]<h1 class=\"qodef-shortcode qodef-m  qodef-custom-font qodef-custom-font-2756 qodef-layout--simple\" style=\"color: #ffffff;font-size: 110px;line-height: 120px\"><\/h1>[\/vc_column][\/vc_row][vc_row row_content_width=&#8221;grid&#8221; css=&#8221;.vc_custom_1576167675931{padding-top: 14px !important;}&#8221;][vc_column css=&#8221;.vc_custom_1574765929923{margin-bottom: -23px !important;}&#8221;]<div class=\"qodef-shortcode qodef-m  qodef-clients-list qodef-grid qodef-swiper-container  qodef-gutter--normal qodef-col-num--5 qodef-item-layout--image-only qodef-responsive--predefined qodef-hover-animation--fade-in\" data-options=\"{&quot;slidesPerView&quot;:&quot;5&quot;,&quot;spaceBetween&quot;:15,&quot;loop&quot;:true,&quot;autoplay&quot;:true,&quot;speed&quot;:&quot;&quot;,&quot;speedAnimation&quot;:&quot;&quot;}\">\n\t<div class=\"swiper-wrapper\">\n\t\t<span class=\"qodef-e swiper-slide\">\n\t<span class=\"qodef-e-inner\">\n\t\t\t<span class=\"qodef-e-image\">\n\t\t\t\t\t<a itemprop=\"url\" href=\"https:\/\/www.baccate.pl\/\" target=\"_blank\">\n\t\t\t\t\t\t\t<span class=\"qodef-e-logo\">\n\t\t\t\t<img loading=\"lazy\" decoding=\"async\" width=\"185\" height=\"93\" src=\"https:\/\/weselewsopocie.pl\/wp-content\/uploads\/2019\/11\/baccate_main.png\" class=\"attachment-full size-full\" alt=\"\" \/>\t\t\t<\/span>\n\t\t\t\t\t\t\t<span class=\"qodef-e-hover-logo\">\n\t\t\t\t<img loading=\"lazy\" decoding=\"async\" width=\"185\" height=\"93\" src=\"https:\/\/weselewsopocie.pl\/wp-content\/uploads\/2019\/11\/baccate.png\" class=\"attachment-full size-full\" alt=\"\" \/>\t\t\t<\/span>\n\t\t\t\t\t\t\t<\/a>\n\t\t\t<\/span>\n\t<\/span>\n<\/span><span class=\"qodef-e swiper-slide\">\n\t<span class=\"qodef-e-inner\">\n\t\t\t<span class=\"qodef-e-image\">\n\t\t\t\t\t<a itemprop=\"url\" href=\"https:\/\/cukierniawiecej.pl\/\" target=\"_blank\">\n\t\t\t\t\t\t\t<span class=\"qodef-e-logo\">\n\t\t\t\t<img loading=\"lazy\" decoding=\"async\" width=\"185\" height=\"93\" src=\"https:\/\/weselewsopocie.pl\/wp-content\/uploads\/2019\/11\/cukiernia_wiecej_main.png\" class=\"attachment-full size-full\" alt=\"\" \/>\t\t\t<\/span>\n\t\t\t\t\t\t\t<span class=\"qodef-e-hover-logo\">\n\t\t\t\t<img loading=\"lazy\" decoding=\"async\" width=\"185\" height=\"93\" src=\"https:\/\/weselewsopocie.pl\/wp-content\/uploads\/2019\/11\/cukiernia_wiecej.png\" class=\"attachment-full size-full\" alt=\"\" \/>\t\t\t<\/span>\n\t\t\t\t\t\t\t<\/a>\n\t\t\t<\/span>\n\t<\/span>\n<\/span><span class=\"qodef-e swiper-slide\">\n\t<span class=\"qodef-e-inner\">\n\t\t\t<span class=\"qodef-e-image\">\n\t\t\t\t\t<a itemprop=\"url\" href=\"https:\/\/sunsetstory.pl\/\" target=\"_blank\">\n\t\t\t\t\t\t\t<span class=\"qodef-e-logo\">\n\t\t\t\t<img loading=\"lazy\" decoding=\"async\" width=\"185\" height=\"93\" src=\"https:\/\/weselewsopocie.pl\/wp-content\/uploads\/2019\/11\/sunsetstory_main.png\" class=\"attachment-full size-full\" alt=\"\" \/>\t\t\t<\/span>\n\t\t\t\t\t\t\t<span class=\"qodef-e-hover-logo\">\n\t\t\t\t<img loading=\"lazy\" decoding=\"async\" width=\"185\" height=\"93\" src=\"https:\/\/weselewsopocie.pl\/wp-content\/uploads\/2019\/11\/sunsetstory.png\" class=\"attachment-full size-full\" alt=\"\" \/>\t\t\t<\/span>\n\t\t\t\t\t\t\t<\/a>\n\t\t\t<\/span>\n\t<\/span>\n<\/span><span class=\"qodef-e swiper-slide\">\n\t<span class=\"qodef-e-inner\">\n\t\t\t<span class=\"qodef-e-image\">\n\t\t\t\t\t<a itemprop=\"url\" href=\"https:\/\/djirek.pl\/\" target=\"_blank\">\n\t\t\t\t\t\t\t<span class=\"qodef-e-logo\">\n\t\t\t\t<img loading=\"lazy\" decoding=\"async\" width=\"185\" height=\"93\" src=\"https:\/\/weselewsopocie.pl\/wp-content\/uploads\/2019\/11\/djirek_main.png\" class=\"attachment-full size-full\" alt=\"\" \/>\t\t\t<\/span>\n\t\t\t\t\t\t\t<span class=\"qodef-e-hover-logo\">\n\t\t\t\t<img loading=\"lazy\" decoding=\"async\" width=\"185\" height=\"93\" src=\"https:\/\/weselewsopocie.pl\/wp-content\/uploads\/2019\/11\/djirek.png\" class=\"attachment-full size-full\" alt=\"\" \/>\t\t\t<\/span>\n\t\t\t\t\t\t\t<\/a>\n\t\t\t<\/span>\n\t<\/span>\n<\/span><span class=\"qodef-e swiper-slide\">\n\t<span class=\"qodef-e-inner\">\n\t\t\t<span class=\"qodef-e-image\">\n\t\t\t\t\t<a itemprop=\"url\" href=\"https:\/\/enroutephotography.eu\/\" target=\"_blank\">\n\t\t\t\t\t\t\t<span class=\"qodef-e-logo\">\n\t\t\t\t<img loading=\"lazy\" decoding=\"async\" width=\"1000\" height=\"592\" src=\"https:\/\/weselewsopocie.pl\/wp-content\/uploads\/2024\/04\/en_route_klep_got_main.png\" class=\"attachment-full size-full\" alt=\"\" srcset=\"https:\/\/weselewsopocie.pl\/wp-content\/uploads\/2024\/04\/en_route_klep_got_main.png 1000w, https:\/\/weselewsopocie.pl\/wp-content\/uploads\/2024\/04\/en_route_klep_got_main-300x178.png 300w, https:\/\/weselewsopocie.pl\/wp-content\/uploads\/2024\/04\/en_route_klep_got_main-768x455.png 768w\" sizes=\"(max-width: 1000px) 100vw, 1000px\" \/>\t\t\t<\/span>\n\t\t\t\t\t\t\t<span class=\"qodef-e-hover-logo\">\n\t\t\t\t<img loading=\"lazy\" decoding=\"async\" width=\"1000\" height=\"592\" src=\"https:\/\/weselewsopocie.pl\/wp-content\/uploads\/2024\/04\/en_route_klep_got.png\" class=\"attachment-full size-full\" alt=\"\" srcset=\"https:\/\/weselewsopocie.pl\/wp-content\/uploads\/2024\/04\/en_route_klep_got.png 1000w, https:\/\/weselewsopocie.pl\/wp-content\/uploads\/2024\/04\/en_route_klep_got-300x178.png 300w, https:\/\/weselewsopocie.pl\/wp-content\/uploads\/2024\/04\/en_route_klep_got-768x455.png 768w\" sizes=\"(max-width: 1000px) 100vw, 1000px\" \/>\t\t\t<\/span>\n\t\t\t\t\t\t\t<\/a>\n\t\t\t<\/span>\n\t<\/span>\n<\/span><span class=\"qodef-e swiper-slide\">\n\t<span class=\"qodef-e-inner\">\n\t\t\t<span class=\"qodef-e-image\">\n\t\t\t\t\t<a itemprop=\"url\" href=\"https:\/\/www.facebook.com\/kwiaciarniaartflor\" target=\"_blank\">\n\t\t\t\t\t\t\t<span class=\"qodef-e-logo\">\n\t\t\t\t<img loading=\"lazy\" decoding=\"async\" width=\"1064\" height=\"600\" src=\"https:\/\/weselewsopocie.pl\/wp-content\/uploads\/2024\/06\/Art-Flor-grey.jpg\" class=\"attachment-full size-full\" alt=\"\" srcset=\"https:\/\/weselewsopocie.pl\/wp-content\/uploads\/2024\/06\/Art-Flor-grey.jpg 1064w, https:\/\/weselewsopocie.pl\/wp-content\/uploads\/2024\/06\/Art-Flor-grey-300x169.jpg 300w, https:\/\/weselewsopocie.pl\/wp-content\/uploads\/2024\/06\/Art-Flor-grey-1024x577.jpg 1024w, https:\/\/weselewsopocie.pl\/wp-content\/uploads\/2024\/06\/Art-Flor-grey-768x433.jpg 768w\" sizes=\"(max-width: 1064px) 100vw, 1064px\" \/>\t\t\t<\/span>\n\t\t\t\t\t\t\t<span class=\"qodef-e-hover-logo\">\n\t\t\t\t<img loading=\"lazy\" decoding=\"async\" width=\"1064\" height=\"600\" src=\"https:\/\/weselewsopocie.pl\/wp-content\/uploads\/2024\/06\/Art-Flor-normal.jpg\" class=\"attachment-full size-full\" alt=\"\" srcset=\"https:\/\/weselewsopocie.pl\/wp-content\/uploads\/2024\/06\/Art-Flor-normal.jpg 1064w, https:\/\/weselewsopocie.pl\/wp-content\/uploads\/2024\/06\/Art-Flor-normal-300x169.jpg 300w, https:\/\/weselewsopocie.pl\/wp-content\/uploads\/2024\/06\/Art-Flor-normal-1024x577.jpg 1024w, https:\/\/weselewsopocie.pl\/wp-content\/uploads\/2024\/06\/Art-Flor-normal-768x433.jpg 768w\" sizes=\"(max-width: 1064px) 100vw, 1064px\" \/>\t\t\t<\/span>\n\t\t\t\t\t\t\t<\/a>\n\t\t\t<\/span>\n\t<\/span>\n<\/span>\t<\/div>\n\t\t<\/div>[\/vc_column][\/vc_row][vc_row content_placement=&#8221;middle&#8221; row_content_width=&#8221;grid&#8221; css=&#8221;.vc_custom_1576670942463{padding-bottom: 40px !important;}&#8221;][vc_column css=&#8221;.vc_custom_1578494993850{padding-right: 17% !important;padding-bottom: 39px !important;}&#8221; offset=&#8221;vc_col-lg-6 vc_col-md-12&#8243; column_responsive_padding_1024=&#8221;0px 15px&#8221; column_responsive_padding_1440=&#8221;0px 15px 33px 7%&#8221; column_responsive_padding_1366=&#8221;0px 18px 33px 3%&#8221; column_responsive_padding_1280=&#8221;0px 18px 33px 3%&#8221;]<div class=\"qodef-shortcode qodef-m  qodef-section-title qodef-alignment--left \">\n\t\t<p class=\"qodef-m-subtitle\" >cukiernia<\/p>\n\t\t<h3 class=\"qodef-m-title\" >\n\t\t\t\t\tBaccate\t\t\t<\/h3>\n\t<\/div>[vc_empty_space height=&#8221;4px&#8221;][vc_column_text][\/vc_column_text][vc_column_text]<\/p>\n<blockquote><p>Cukiernia pe\u0142na pasji oraz mi\u0142o\u015bci do wypiek\u00f3w i s\u0142odko\u015bci. Robimy wszystko by spe\u0142ni\u0107 wizje i marzenia naszych Klient\u00f3w, na ka\u017cdym etapie kreowania danego tortu &#8211; od wyboru smak\u00f3w, przez form\u0119, styl i dekoracje.<\/p><\/blockquote>\n<p>[\/vc_column_text][\/vc_column][vc_column offset=&#8221;vc_col-lg-6 vc_col-md-12&#8243;]<div class=\"qodef-shortcode qodef-m  qodef-stacked-images qodef-layout--default qodef-stack--bottom\">\n\t<div class=\"qodef-m-images\">\n\t\t<div class=\"qodef-e-main-image-holder\">\n\t\t\t<div class=\"qodef-e-main-image-zoom-holder\">\n\t\t\t\t\t\t\t<img loading=\"lazy\" decoding=\"async\" width=\"1412\" height=\"1059\" src=\"https:\/\/weselewsopocie.pl\/wp-content\/uploads\/2024\/04\/image00045.jpeg\" class=\"qodef-e-main-image\" alt=\"\" srcset=\"https:\/\/weselewsopocie.pl\/wp-content\/uploads\/2024\/04\/image00045.jpeg 1412w, https:\/\/weselewsopocie.pl\/wp-content\/uploads\/2024\/04\/image00045-300x225.jpeg 300w, https:\/\/weselewsopocie.pl\/wp-content\/uploads\/2024\/04\/image00045-1024x768.jpeg 1024w, https:\/\/weselewsopocie.pl\/wp-content\/uploads\/2024\/04\/image00045-768x576.jpeg 768w\" sizes=\"(max-width: 1412px) 100vw, 1412px\" \/>\t\t\t\t\t\t<\/div>\n\t\t<\/div>\n\t\t\t\n\t<\/div>\n<\/div>[\/vc_column][\/vc_row][vc_row parallax=&#8221;content-moving&#8221; parallax_image=&#8221;2089&#8243; parallax_speed_bg=&#8221;1.2&#8243; css=&#8221;.vc_custom_1712527594359{padding-top: 221px !important;padding-bottom: 222px !important;}&#8221;][vc_column][\/vc_column][\/vc_row][vc_row content_placement=&#8221;middle&#8221; row_content_width=&#8221;grid&#8221; css=&#8221;.vc_custom_1576670978216{padding-top: 112px !important;padding-bottom: 40px !important;}&#8221;][vc_column offset=&#8221;vc_col-lg-6 vc_col-md-12&#8243; column_responsive_padding_1024=&#8221;0px 15px&#8221;]<div class=\"qodef-shortcode qodef-m  qodef-stacked-images qodef-layout--default qodef-stack--bottom\">\n\t<div class=\"qodef-m-images\">\n\t\t<div class=\"qodef-e-main-image-holder\">\n\t\t\t<div class=\"qodef-e-main-image-zoom-holder\">\n\t\t\t\t\t\t\t<img loading=\"lazy\" decoding=\"async\" width=\"322\" height=\"373\" src=\"https:\/\/weselewsopocie.pl\/wp-content\/uploads\/2024\/04\/Wiecej-logo.jpg\" class=\"qodef-e-main-image\" alt=\"\" srcset=\"https:\/\/weselewsopocie.pl\/wp-content\/uploads\/2024\/04\/Wiecej-logo.jpg 322w, https:\/\/weselewsopocie.pl\/wp-content\/uploads\/2024\/04\/Wiecej-logo-259x300.jpg 259w\" sizes=\"(max-width: 322px) 100vw, 322px\" \/>\t\t\t\t\t\t<\/div>\n\t\t<\/div>\n\t\t\t\n\t<\/div>\n<\/div>[\/vc_column][vc_column css=&#8221;.vc_custom_1578496116730{padding-bottom: 39px !important;padding-left: 17% !important;}&#8221; offset=&#8221;vc_col-lg-6 vc_col-md-12&#8243; column_responsive_padding_1024=&#8221;0px 15px&#8221; column_responsive_padding_1440=&#8221;0px 15px 33px 7%&#8221; column_responsive_padding_1366=&#8221;0px 3% 33px 18px&#8221;]<div class=\"qodef-shortcode qodef-m  qodef-section-title qodef-alignment--left \">\n\t\t<p class=\"qodef-m-subtitle\" >cukiernia<\/p>\n\t\t<h3 class=\"qodef-m-title\" >\n\t\t\t\t\tWi\u0119cej!\t\t\t<\/h3>\n\t<\/div>[vc_empty_space height=&#8221;4px&#8221;][vc_column_text]<\/p>\n<blockquote><p>Wi\u0119cej! to nazwa naszej cukierni i symboliczna jej misja, bo przecie\u017c ka\u017cdy z nas z ka\u017cdym k\u0119sem niebia\u0144skich s\u0142odko\u015bci chce poch\u0142ania\u0107 ich jeszcze WI\u0118CEJ.<\/p><\/blockquote>\n<p>[\/vc_column_text][vc_column_text]&#8221;My dbamy o to, by nasi klienci poznawali r\u00f3wnie\u017c WI\u0118CEJ rodzaj\u00f3w deser\u00f3w z zak\u0105tk\u00f3w ca\u0142ego \u015bwiata, a tak\u017ce, by owo WI\u0118CEJ kojarzy\u0142o si\u0119 im z ciastami, tortami i ciasteczkami wykonanymi z wysokiej klasy produkt\u00f3w od polskich dostawc\u00f3w. To w\u0142a\u015bnie one s\u0105 fundamentem ka\u017cdego wypieku, kt\u00f3ry r\u00f3wnie\u017c ma wed\u0142ug nas w\u0142asn\u0105 s\u0142odk\u0105 dusz\u0119. Formujemy j\u0105 z niezwyk\u0142\u0105 staranno\u015bci\u0105, sercem oraz dzi\u0119ki wieloletniemu do\u015bwiadczeniu. Jeste\u015bmy zatem WI\u0118CEJ ni\u017c zwyk\u0142ymi cukiernikami. Jeste\u015bmy kreatorami s\u0142odkich smak\u00f3w, kt\u00f3rymi dzi\u015b chcemy podzieli\u0107 si\u0119 w\u0142a\u015bnie z Tob\u0105. Odwied\u017a nas\u2026 i popro\u015b o WI\u0118CEJ!<\/p>\n<p>Pracownia cukiernicza Wi\u0119cej to dzie\u0142o prawdziwej polsko-ormia\u0144skiej kr\u00f3lowej s\u0142odko\u015bci. Jest ni\u0105 Diana Volokhova &#8211; finalistka II edycji MasterChefa i prawdziwa wizjonerka smak\u00f3w. Dasz si\u0119 zaprosi\u0107 do jej kolorowego \u015bwiata nietuzinkowych deser\u00f3w jak z bajki?&#8221;[\/vc_column_text][\/vc_column][\/vc_row][vc_row content_placement=&#8221;middle&#8221; row_content_width=&#8221;grid&#8221; css=&#8221;.vc_custom_1576670942463{padding-bottom: 40px !important;}&#8221;][vc_column css=&#8221;.vc_custom_1578494993850{padding-right: 17% !important;padding-bottom: 39px !important;}&#8221; offset=&#8221;vc_col-lg-6 vc_col-md-12&#8243; column_responsive_padding_1024=&#8221;0px 15px&#8221; column_responsive_padding_1440=&#8221;0px 15px 33px 7%&#8221; column_responsive_padding_1366=&#8221;0px 18px 33px 3%&#8221; column_responsive_padding_1280=&#8221;0px 18px 33px 3%&#8221;]<div class=\"qodef-shortcode qodef-m  qodef-section-title qodef-alignment--left \">\n\t\t<p class=\"qodef-m-subtitle\" >fotografia<\/p>\n\t\t<h3 class=\"qodef-m-title\" >\n\t\t\t\t\tSunsetstory\t\t\t<\/h3>\n\t<\/div>[vc_empty_space height=&#8221;4px&#8221;][vc_column_text][\/vc_column_text][vc_column_text]<\/p>\n<blockquote><p>Jeste\u015bmy kreatywnym zespo\u0142em, otwartym na nowe wyzwania. Uwielbiamy poszerza\u0107 nasze horyzonty, zdobywa\u0107 nowe do\u015bwiadczenia i budowa\u0107 nowe relacje.<\/p><\/blockquote>\n<p>[\/vc_column_text][vc_column_text]&#8221;Mamy niesamowite szcz\u0119\u015bcie spotyka\u0107 na naszej zawodowej drodze wielu wspania\u0142ych ludzi, z kt\u00f3rymi nawi\u0105zujemy wsp\u00f3\u0142prac\u0119 i anga\u017cujemy si\u0119 w niezwyk\u0142e projekty. Te wsp\u00f3lne przedsi\u0119wzi\u0119cia nios\u0105 ze sob\u0105 now\u0105 jako\u015b\u0107, s\u0105 innowacyjne, wyj\u0105tkowe, magiczne, a ich efekty cz\u0119sto przerastaj\u0105 nasze oczekiwania. Taka praca przynosi nam wiele satysfakcji, czujemy si\u0119 spe\u0142nieni.&#8221;[\/vc_column_text][\/vc_column][vc_column offset=&#8221;vc_col-lg-6 vc_col-md-12&#8243;]<div class=\"qodef-shortcode qodef-m  qodef-stacked-images qodef-layout--default qodef-stack--bottom\">\n\t<div class=\"qodef-m-images\">\n\t\t<div class=\"qodef-e-main-image-holder\">\n\t\t\t<div class=\"qodef-e-main-image-zoom-holder\">\n\t\t\t\t\t\t\t<img loading=\"lazy\" decoding=\"async\" width=\"1280\" height=\"853\" src=\"https:\/\/weselewsopocie.pl\/wp-content\/uploads\/2024\/04\/alternatywni-fotografia-slubna-12.png\" class=\"qodef-e-main-image\" alt=\"\" srcset=\"https:\/\/weselewsopocie.pl\/wp-content\/uploads\/2024\/04\/alternatywni-fotografia-slubna-12.png 1280w, https:\/\/weselewsopocie.pl\/wp-content\/uploads\/2024\/04\/alternatywni-fotografia-slubna-12-300x200.png 300w, https:\/\/weselewsopocie.pl\/wp-content\/uploads\/2024\/04\/alternatywni-fotografia-slubna-12-1024x682.png 1024w, https:\/\/weselewsopocie.pl\/wp-content\/uploads\/2024\/04\/alternatywni-fotografia-slubna-12-768x512.png 768w\" sizes=\"(max-width: 1280px) 100vw, 1280px\" \/>\t\t\t\t\t\t<\/div>\n\t\t<\/div>\n\t\t\t\n\t<\/div>\n<\/div>[\/vc_column][\/vc_row][vc_row content_placement=&#8221;middle&#8221; row_content_width=&#8221;grid&#8221; css=&#8221;.vc_custom_1576670978216{padding-top: 112px !important;padding-bottom: 40px !important;}&#8221;][vc_column offset=&#8221;vc_col-lg-6 vc_col-md-12&#8243; column_responsive_padding_1024=&#8221;0px 15px&#8221;]<div class=\"qodef-shortcode qodef-m  qodef-stacked-images qodef-layout--default qodef-stack--bottom\">\n\t<div class=\"qodef-m-images\">\n\t\t<div class=\"qodef-e-main-image-holder\">\n\t\t\t<div class=\"qodef-e-main-image-zoom-holder\">\n\t\t\t\t\t\t\t<img loading=\"lazy\" decoding=\"async\" width=\"1024\" height=\"1535\" src=\"https:\/\/weselewsopocie.pl\/wp-content\/uploads\/2024\/04\/gallery_g1gallery_enroute-photography_61-687x1030-1.jpg\" class=\"qodef-e-main-image\" alt=\"\" srcset=\"https:\/\/weselewsopocie.pl\/wp-content\/uploads\/2024\/04\/gallery_g1gallery_enroute-photography_61-687x1030-1.jpg 1024w, https:\/\/weselewsopocie.pl\/wp-content\/uploads\/2024\/04\/gallery_g1gallery_enroute-photography_61-687x1030-1-200x300.jpg 200w, https:\/\/weselewsopocie.pl\/wp-content\/uploads\/2024\/04\/gallery_g1gallery_enroute-photography_61-687x1030-1-683x1024.jpg 683w, https:\/\/weselewsopocie.pl\/wp-content\/uploads\/2024\/04\/gallery_g1gallery_enroute-photography_61-687x1030-1-768x1151.jpg 768w\" sizes=\"(max-width: 1024px) 100vw, 1024px\" \/>\t\t\t\t\t\t<\/div>\n\t\t<\/div>\n\t\t\t\n\t<\/div>\n<\/div>[\/vc_column][vc_column css=&#8221;.vc_custom_1578496116730{padding-bottom: 39px !important;padding-left: 17% !important;}&#8221; offset=&#8221;vc_col-lg-6 vc_col-md-12&#8243; column_responsive_padding_1024=&#8221;0px 15px&#8221; column_responsive_padding_1440=&#8221;0px 15px 33px 7%&#8221; column_responsive_padding_1366=&#8221;0px 3% 33px 18px&#8221;]<div class=\"qodef-shortcode qodef-m  qodef-section-title qodef-alignment--left \">\n\t\t<p class=\"qodef-m-subtitle\" >fotografia<\/p>\n\t\t<h3 class=\"qodef-m-title\" >\n\t\t\t\t\tEnroute Photograph\t\t\t<\/h3>\n\t<\/div>[vc_empty_space height=&#8221;4px&#8221;][vc_column_text]<\/p>\n<blockquote><p><strong>Enroute Photography<\/strong> to Wasze historie opowiedziane prawdziwie i z pasj\u0105, to eleganckie portrety, ale i dynamiczny reporta\u017c, to kreatywne kadry i pi\u0119kne \u015bwiat\u0142o. Tworz\u0119 dla Was zdj\u0119cia do kochania<\/p><\/blockquote>\n<p>[\/vc_column_text][\/vc_column][\/vc_row][vc_row parallax=&#8221;content-moving&#8221; parallax_image=&#8221;423&#8243; parallax_speed_bg=&#8221;1.2&#8243; css=&#8221;.vc_custom_1713726580310{padding-top: 221px !important;padding-bottom: 222px !important;}&#8221;][vc_column][\/vc_column][\/vc_row][vc_row content_placement=&#8221;middle&#8221; row_content_width=&#8221;grid&#8221; css=&#8221;.vc_custom_1576670978216{padding-top: 112px !important;padding-bottom: 40px !important;}&#8221;][vc_column offset=&#8221;vc_col-lg-6 vc_col-md-12&#8243; column_responsive_padding_1024=&#8221;0px 15px&#8221;]<div class=\"qodef-shortcode qodef-m  qodef-stacked-images qodef-layout--default qodef-stack--bottom\">\n\t<div class=\"qodef-m-images\">\n\t\t<div class=\"qodef-e-main-image-holder\">\n\t\t\t<div class=\"qodef-e-main-image-zoom-holder\">\n\t\t\t\t\t\t\t<img loading=\"lazy\" decoding=\"async\" width=\"500\" height=\"750\" src=\"https:\/\/weselewsopocie.pl\/wp-content\/uploads\/2024\/06\/6Castle-10.jpg\" class=\"qodef-e-main-image\" alt=\"\" srcset=\"https:\/\/weselewsopocie.pl\/wp-content\/uploads\/2024\/06\/6Castle-10.jpg 500w, https:\/\/weselewsopocie.pl\/wp-content\/uploads\/2024\/06\/6Castle-10-200x300.jpg 200w\" sizes=\"(max-width: 500px) 100vw, 500px\" \/>\t\t\t\t\t\t<\/div>\n\t\t<\/div>\n\t\t\t\n\t<\/div>\n<\/div>[\/vc_column][vc_column css=&#8221;.vc_custom_1578496116730{padding-bottom: 39px !important;padding-left: 17% !important;}&#8221; offset=&#8221;vc_col-lg-6 vc_col-md-12&#8243; column_responsive_padding_1024=&#8221;0px 15px&#8221; column_responsive_padding_1440=&#8221;0px 15px 33px 7%&#8221; column_responsive_padding_1366=&#8221;0px 3% 33px 18px&#8221;]<div class=\"qodef-shortcode qodef-m  qodef-section-title qodef-alignment--left \">\n\t\t<p class=\"qodef-m-subtitle\" >kwiaciarnia<\/p>\n\t\t<h3 class=\"qodef-m-title\" >\n\t\t\t\t\tArt. Flor Kwiaty\t\t\t<\/h3>\n\t<\/div>[vc_empty_space height=&#8221;4px&#8221;][vc_column_text]<\/p>\n<blockquote><p><i>Od ponad 14 lat dekorujemy \u015bluby zar\u00f3wno w Polsce jak i w Szkocji, gdzie poruszamy si\u0119 po najnowszych trendach ,kt\u00f3re cz\u0119sto \u0142\u0105czymy z nieprzemijaln\u0105 klasyk\u0105.<\/i><\/p>\n<p><i>Najwa\u017cniejsze dla nas\u00a0 jest to, aby przygotowane przez nas kompozycje wyra\u017ca\u0142y emocje i uczucia oraz by\u0142y odzwierciedleniem marze\u0144 Pary M\u0142odej.<\/i><\/p><\/blockquote>\n<p>[\/vc_column_text][vc_column_text]Nasze prace mo\u017cna zobaczy\u0107 na :<br \/>\n<span lang=\"en-US\">Instagram : artflor_kwiaty<br \/>\n<\/span><span lang=\"en-US\">Facebook : Art Flor Kwiaty<\/span>[\/vc_column_text][\/vc_column][\/vc_row][vc_row content_placement=&#8221;middle&#8221; row_content_width=&#8221;grid&#8221; css=&#8221;.vc_custom_1576670942463{padding-bottom: 40px !important;}&#8221;][vc_column css=&#8221;.vc_custom_1578494993850{padding-right: 17% !important;padding-bottom: 39px !important;}&#8221; offset=&#8221;vc_col-lg-6 vc_col-md-12&#8243; column_responsive_padding_1024=&#8221;0px 15px&#8221; column_responsive_padding_1440=&#8221;0px 15px 33px 7%&#8221; column_responsive_padding_1366=&#8221;0px 18px 33px 3%&#8221; column_responsive_padding_1280=&#8221;0px 18px 33px 3%&#8221;]<div class=\"qodef-shortcode qodef-m  qodef-section-title qodef-alignment--left \">\n\t\t<p class=\"qodef-m-subtitle\" >muzyka<\/p>\n\t\t<h3 class=\"qodef-m-title\" >\n\t\t\t\t\tDJ Irek\t\t\t<\/h3>\n\t<\/div>[vc_empty_space height=&#8221;4px&#8221;][vc_column_text][\/vc_column_text][vc_column_text]<\/p>\n<blockquote><p>Jak ka\u017cdy, kto organizuje w\u0142asne wesele, tak i Ty zapewne chcesz, aby ten dzie\u0144 by\u0142 wyj\u0105tkowy, niepowtarzalny, a tak\u017ce na d\u0142ugo zapad\u0142 w pami\u0119ci Twojej oraz Twoich go\u015bci.<\/p><\/blockquote>\n<p>[\/vc_column_text][vc_column_text]&#8221;To niezwykle trudne zadanie, ale z wielk\u0105 przyjemno\u015bci\u0105 \u2013 jako profesjonalny DJ na wesele \u2013 pomog\u0119 Ci w realizacji tego celu, oczywi\u015bcie w zakresie \u015bwiadczonych przeze mnie us\u0142ug. Dzia\u0142am g\u0142\u00f3wnie na terenie wojew\u00f3dztwa pomorskiego \u2013 w Tr\u00f3jmie\u015bcie, czyli w Gda\u0144sku, Gdyni oraz Sopocie, ale nie tylko!<\/p>\n<p>Profesjonalna oprawa muzyczna Twojego wesela to jeden z kluczowych element\u00f3w udanego przyj\u0119cia, ale podczas tej szczeg\u00f3lnej, dla wielu jedynej w \u017cyciu, imprezy zostan\u0105 mi powierzone r\u00f3wnie\u017c inne obowi\u0105zki. Jako zar\u00f3wno DJ, jak i wodzirej na wesele b\u0119d\u0119 bawi\u0142 Twoich go\u015bci, prowadzi\u0142 konkursy, a tak\u017ce integrowa\u0142 pokolenia. To odpowiedzialne zadania i to, komu je powierzysz, ma ogromne znaczenie. \u017badne s\u0142owa nie zast\u0105pi\u0105 tutaj spotkania osobistego czy nawet rozmowy video poprzez komunikator, dlatego je\u017celi szukasz profesjonalnego DJ-a\/wodzireja na wesele, to zapraszam do kontaktu w celu ustalenia terminu spotkania.&#8221;[\/vc_column_text][\/vc_column][vc_column offset=&#8221;vc_col-lg-6 vc_col-md-12&#8243;]<div class=\"qodef-shortcode qodef-m  qodef-stacked-images qodef-layout--default qodef-stack--bottom\">\n\t<div class=\"qodef-m-images\">\n\t\t<div class=\"qodef-e-main-image-holder\">\n\t\t\t<div class=\"qodef-e-main-image-zoom-holder\">\n\t\t\t\t\t\t\t<img loading=\"lazy\" decoding=\"async\" width=\"1296\" height=\"864\" src=\"https:\/\/weselewsopocie.pl\/wp-content\/uploads\/2024\/04\/DJ-Irek.jpg\" class=\"qodef-e-main-image\" alt=\"\" srcset=\"https:\/\/weselewsopocie.pl\/wp-content\/uploads\/2024\/04\/DJ-Irek.jpg 1296w, https:\/\/weselewsopocie.pl\/wp-content\/uploads\/2024\/04\/DJ-Irek-300x200.jpg 300w, https:\/\/weselewsopocie.pl\/wp-content\/uploads\/2024\/04\/DJ-Irek-1024x683.jpg 1024w, https:\/\/weselewsopocie.pl\/wp-content\/uploads\/2024\/04\/DJ-Irek-768x512.jpg 768w\" sizes=\"(max-width: 1296px) 100vw, 1296px\" \/>\t\t\t\t\t\t<\/div>\n\t\t<\/div>\n\t\t\t\n\t<\/div>\n<\/div>[\/vc_column][\/vc_row]<\/p>\n<\/section>","protected":false},"excerpt":{"rendered":"<p>[vc_row content_placement=&#8221;middle&#8221; row_content_width=&#8221;grid&#8221; content_text_alignment=&#8221;center&#8221; css=&#8221;.vc_custom_1713887402405{background-image: url(https:\/\/weselewsopocie.pl\/wp-content\/uploads\/2024\/04\/gallery_g2_gallery_DSC04289.jpg?id=2158) !important;}&#8221; el_class=&#8221;qodef-margin-grid&#8221;][vc_column css=&#8221;.vc_custom_1575456515187{padding-top: 239px !important;padding-bottom: 267px !important;}&#8221; column_responsive_padding_1024=&#8221;127px 15px 153px&#8221; column_responsive_padding_680=&#8221;72px 15px 87px&#8221; column_responsive_padding_1440=&#8221;150px 15px 176px&#8221;][\/vc_column][\/vc_row][vc_row row_content_width=&#8221;grid&#8221; css=&#8221;.vc_custom_1576167675931{padding-top: 14px !important;}&#8221;][vc_column css=&#8221;.vc_custom_1574765929923{margin-bottom: -23px !important;}&#8221;][\/vc_column][\/vc_row][vc_row content_placement=&#8221;middle&#8221; row_content_width=&#8221;grid&#8221; css=&#8221;.vc_custom_1576670942463{padding-bottom: 40px !important;}&#8221;][vc_column css=&#8221;.vc_custom_1578494993850{padding-right: 17% !important;padding-bottom: 39px !important;}&#8221; offset=&#8221;vc_col-lg-6 vc_col-md-12&#8243; column_responsive_padding_1024=&#8221;0px 15px&#8221; column_responsive_padding_1440=&#8221;0px 15px 33px 7%&#8221; column_responsive_padding_1366=&#8221;0px 18px 33px 3%&#8221; column_responsive_padding_1280=&#8221;0px 18px 33px 3%&#8221;][vc_empty_space [&hellip;]<\/p>\n","protected":false},"author":1,"featured_media":0,"parent":0,"menu_order":0,"comment_status":"closed","ping_status":"closed","template":"page-full-width.php","meta":{"footnotes":""},"class_list":["post-2038","page","type-page","status-publish","hentry"],"_links":{"self":[{"href":"https:\/\/weselewsopocie.pl\/index.php\/wp-json\/wp\/v2\/pages\/2038"}],"collection":[{"href":"https:\/\/weselewsopocie.pl\/index.php\/wp-json\/wp\/v2\/pages"}],"about":[{"href":"https:\/\/weselewsopocie.pl\/index.php\/wp-json\/wp\/v2\/types\/page"}],"author":[{"embeddable":true,"href":"https:\/\/weselewsopocie.pl\/index.php\/wp-json\/wp\/v2\/users\/1"}],"replies":[{"embeddable":true,"href":"https:\/\/weselewsopocie.pl\/index.php\/wp-json\/wp\/v2\/comments?post=2038"}],"version-history":[{"count":18,"href":"https:\/\/weselewsopocie.pl\/index.php\/wp-json\/wp\/v2\/pages\/2038\/revisions"}],"predecessor-version":[{"id":2531,"href":"https:\/\/weselewsopocie.pl\/index.php\/wp-json\/wp\/v2\/pages\/2038\/revisions\/2531"}],"wp:attachment":[{"href":"https:\/\/weselewsopocie.pl\/index.php\/wp-json\/wp\/v2\/media?parent=2038"}],"curies":[{"name":"wp","href":"https:\/\/api.w.org\/{rel}","templated":true}]}}